{"id":4006,"date":"2017-04-02T02:39:21","date_gmt":"2017-04-02T02:39:21","guid":{"rendered":"http:\/\/nurtureatlantic.ca\/petitsfruits\/boutique\/"},"modified":"2023-02-28T19:50:18","modified_gmt":"2023-02-28T19:50:18","slug":"boutique","status":"publish","type":"page","link":"https:\/\/lespetitsfruits.ca\/fr\/boutique\/","title":{"rendered":"Magasin"},"content":{"rendered":"\n<style type=\"text\/css\" data-created_by=\"avia_inline_auto\" id=\"style-css-av-av_one_half-6126cab7d8fab8d08143dd2dacdf673c\">\n.flex_column.av-av_one_half-6126cab7d8fab8d08143dd2dacdf673c{\nborder-radius:0px 0px 0px 0px;\n-webkit-border-radius:0px 0px 0px 0px;\n-moz-border-radius:0px 0px 0px 0px;\n}\n<\/style>\n<div class='flex_column av-av_one_half-6126cab7d8fab8d08143dd2dacdf673c av_one_half  avia-builder-el-0  el_before_av_one_half  avia-builder-el-first  first flex_column_div av-zero-column-padding '   ><section class=\"av_textblock_section \"  itemscope=\"itemscope\" itemtype=\"https:\/\/schema.org\/CreativeWork\" ><div class='avia_textblock  '   itemprop=\"text\" ><p>Nous sommes fiers d\u2019offrir une s\u00e9lection d\u00e9licieuse de confitures de fruits, de gel\u00e9es, et de beurres de pommes!<\/p>\n<p>Nous fabriquons des confitures de fruits, des gel\u00e9es, et du beurre de pommes \u00e0 notre ferme \u00e0 Memramcook, au Nouveau-Brunswick, depuis plus de dix ans. Nos confitures sont faites avec nos propres baies et rhubarbe. Notre beurre de pommes et gel\u00e9e de pomme sont faites de pommes locales.<\/p>\n<p>Faits \u00e0 la main par petits lots, nos produits sont faits avec amour en utilisant le style traditionnel, et sont naturels \u00e0 100%!<\/p>\n<p>Nos produits de confiture populaires font des beaux cadeaux personnels et corporatifs. Tout le monde aime un cadeau fait maison! Que vous achetiez nos produits de confiture pour vous-m\u00eame ou en cadeau, nous sommes s\u00fbrs que vous appr\u00e9cierez le go\u00fbt, la qualit\u00e9 et la saveur traditionnelle!<\/p>\n<p><strong>Commander<\/strong><br \/>\nVous pouvez commander notre confiture par courriel \u00e0\u00a0<a href=\"mailto:madeleine@lespetitsfruits.ca\" target=\"_blank\" rel=\"noopener\">madeleine@lespetitsfruits.ca<\/a>. Indiquez simplement ce que vous souhaitez commander, si vous voulez r\u00e9cup\u00e9rer la commande, ou si vous pr\u00e9f\u00e9rez la faites exp\u00e9dier. En cas d&rsquo;exp\u00e9dition, veuillez inclure votre adresse de livraison compl\u00e8te. Nous vous contacterons pour traiter un paiement par carte de cr\u00e9dit, et pour v\u00e9rifier les informations de ramassage ou d&rsquo;exp\u00e9dition.<\/p>\n<p>Produit disponible en paquets de six, dans les vari\u00e9t\u00e9s de votre choix.<\/p>\n<p>Pour l\u2019exp\u00e9dition et les informations de retour,\u00a0<a href=\"http:\/\/lespetitsfruits.ca\/fr\/renseignements-concernant-lexpedition-et-les-retours\/\">cliquez ici<\/a>\u00a0.<\/p>\n<p>Vous pouvez \u00e9galement choisir de venir chercher votre commande \u00e0 notre ferme, situ\u00e9e au 831 rue Pr\u00e9-d\u2019en-Haut, \u00e0 Memramcook. Une fois votre commande pass\u00e9e, nous vous contacterons pour planifier une heure de ramassage. Il n\u2019y a pas de frais d\u2019exp\u00e9dition ou de manutention pour les commandes de ramassage.<\/p>\n<p><span style=\"color: #ae7004;\"><em>Notre s\u00e9lection d\u00e9licieuse de confitures de fruits, de gel\u00e9es, et de beurre de pommes peut \u00eatre achet\u00e9e \u00e0 notre ferme pendant la saison de r\u00e9colte, chez divers supermarch\u00e9s, dans certains commerces ind\u00e9pendants, et aussi localement, au march\u00e9 de Dieppe, de juillet \u00e0 novembre. Consultez notre page de collecte de fonds pour obtenir des informations sur un moyen amusant et rentable de recueillir des fonds pour votre organisation.<\/em><\/span><\/p>\n<p>Appr\u00e9ciez la saveur traditionnelle aujourd&rsquo;hui! Pour en savoir plus, cliquez sur n&rsquo;importe quelle vari\u00e9t\u00e9 ci-dessous\u00a0:<\/p>\n<\/div><\/section><\/div>\n\n<style type=\"text\/css\" data-created_by=\"avia_inline_auto\" id=\"style-css-av-av_one_half-0aa7055fe62c3622faec82866afbaeb2\">\n.flex_column.av-av_one_half-0aa7055fe62c3622faec82866afbaeb2{\nborder-radius:0px 0px 0px 0px;\n-webkit-border-radius:0px 0px 0px 0px;\n-moz-border-radius:0px 0px 0px 0px;\n}\n<\/style>\n<div class='flex_column av-av_one_half-0aa7055fe62c3622faec82866afbaeb2 av_one_half  avia-builder-el-2  el_after_av_one_half  el_before_av_one_fourth  flex_column_div av-zero-column-padding '   ><style type=\"text\/css\" data-created_by=\"avia_inline_auto\" id=\"style-css-av-av_image-cf7c9ad82e09ccc702907a0ad984386b\">\n.avia-image-container.av-av_image-cf7c9ad82e09ccc702907a0ad984386b .av-image-caption-overlay-center{\ncolor:#ffffff;\n}\n<\/style>\n<div  class='avia-image-container av-av_image-cf7c9ad82e09ccc702907a0ad984386b av-styling- avia-align-center  avia-builder-el-3  avia-builder-el-no-sibling  '  itemprop=\"image\" itemscope=\"itemscope\" itemtype=\"https:\/\/schema.org\/ImageObject\" ><div class=\"avia-image-container-inner\"><div class=\"avia-image-overlay-wrap\"><a href=\"mailto:mailto:madeleine@lespetitsfruits.ca\" class='avia_image' ><img decoding=\"async\" width=\"600\" height=\"450\" class='wp-image-5839 avia-img-lazy-loading-not-5839 avia_image' src=\"https:\/\/lespetitsfruits.ca\/wp-content\/uploads\/2017\/04\/PFP-ShopPage-OrderButton_FR.jpg\" alt='' title='PFP-ShopPage-OrderButton_FR'  itemprop=\"thumbnailUrl\" srcset=\"https:\/\/lespetitsfruits.ca\/wp-content\/uploads\/2017\/04\/PFP-ShopPage-OrderButton_FR.jpg 600w, https:\/\/lespetitsfruits.ca\/wp-content\/uploads\/2017\/04\/PFP-ShopPage-OrderButton_FR-300x225.jpg 300w, https:\/\/lespetitsfruits.ca\/wp-content\/uploads\/2017\/04\/PFP-ShopPage-OrderButton_FR-150x113.jpg 150w, https:\/\/lespetitsfruits.ca\/wp-content\/uploads\/2017\/04\/PFP-ShopPage-OrderButton_FR-220x165.jpg 220w\" sizes=\"(max-width: 600px) 100vw, 600px\" \/><\/a><\/div><\/div><\/div><\/div>\n\n<style type=\"text\/css\" data-created_by=\"avia_inline_auto\" id=\"style-css-av-av_one_fourth-6126cab7d8fab8d08143dd2dacdf673c\">\n.flex_column.av-av_one_fourth-6126cab7d8fab8d08143dd2dacdf673c{\nborder-radius:0px 0px 0px 0px;\n-webkit-border-radius:0px 0px 0px 0px;\n-moz-border-radius:0px 0px 0px 0px;\n}\n<\/style>\n<div class='flex_column av-av_one_fourth-6126cab7d8fab8d08143dd2dacdf673c av_one_fourth  avia-builder-el-4  el_after_av_one_half  el_before_av_one_fourth  first flex_column_div av-zero-column-padding column-top-margin'   ><style type=\"text\/css\" data-created_by=\"avia_inline_auto\" id=\"style-css-av-av_image-46efd724407eb0df6772e616ffaf4a97\">\n.avia-image-container.av-av_image-46efd724407eb0df6772e616ffaf4a97 .av-image-caption-overlay-center{\ncolor:#ffffff;\n}\n<\/style>\n<div  class='avia-image-container av-av_image-46efd724407eb0df6772e616ffaf4a97 av-styling- avia-align-center  avia-builder-el-5  avia-builder-el-no-sibling  '  itemprop=\"image\" itemscope=\"itemscope\" itemtype=\"https:\/\/schema.org\/ImageObject\" ><div class=\"avia-image-container-inner\"><div class=\"avia-image-overlay-wrap\"><a href=\"https:\/\/lespetitsfruits.ca\/our-products\/jams\/apple-butter-nutritional-information\/\" class='avia_image' ><img decoding=\"async\" width=\"220\" height=\"251\" class='wp-image-5289 avia-img-lazy-loading-not-5289 avia_image' src=\"https:\/\/lespetitsfruits.ca\/wp-content\/uploads\/2017\/02\/petits-fruits-jam-apple-butter-220x251-1.png\" alt='Beurre de pomme' title=''  itemprop=\"thumbnailUrl\"  \/><\/a><\/div><\/div><\/div><\/div>\n\n<style type=\"text\/css\" data-created_by=\"avia_inline_auto\" id=\"style-css-av-av_one_fourth-0aa7055fe62c3622faec82866afbaeb2\">\n.flex_column.av-av_one_fourth-0aa7055fe62c3622faec82866afbaeb2{\nborder-radius:0px 0px 0px 0px;\n-webkit-border-radius:0px 0px 0px 0px;\n-moz-border-radius:0px 0px 0px 0px;\n}\n<\/style>\n<div class='flex_column av-av_one_fourth-0aa7055fe62c3622faec82866afbaeb2 av_one_fourth  avia-builder-el-6  el_after_av_one_fourth  el_before_av_one_fourth  flex_column_div av-zero-column-padding column-top-margin'   ><style type=\"text\/css\" data-created_by=\"avia_inline_auto\" id=\"style-css-av-av_image-ead39132f92e5f0dd947221313bdb2a7\">\n.avia-image-container.av-av_image-ead39132f92e5f0dd947221313bdb2a7 .av-image-caption-overlay-center{\ncolor:#ffffff;\n}\n<\/style>\n<div  class='avia-image-container av-av_image-ead39132f92e5f0dd947221313bdb2a7 av-styling- avia-align-center  avia-builder-el-7  avia-builder-el-no-sibling  '  itemprop=\"image\" itemscope=\"itemscope\" itemtype=\"https:\/\/schema.org\/ImageObject\" ><div class=\"avia-image-container-inner\"><div class=\"avia-image-overlay-wrap\"><a href=\"https:\/\/lespetitsfruits.ca\/our-products\/jams\/apple-jelly-nutritional-information\/\" class='avia_image' ><img decoding=\"async\" width=\"220\" height=\"251\" class='wp-image-5287 avia-img-lazy-loading-not-5287 avia_image' src=\"https:\/\/lespetitsfruits.ca\/wp-content\/uploads\/2017\/02\/petits-fruits-jam-apple-jelly-220x251-1.png\" alt='Gel\u00e9e de pomme' title=''  itemprop=\"thumbnailUrl\" srcset=\"https:\/\/lespetitsfruits.ca\/wp-content\/uploads\/2017\/02\/petits-fruits-jam-apple-jelly-220x251-1.png 220w, https:\/\/lespetitsfruits.ca\/wp-content\/uploads\/2017\/02\/petits-fruits-jam-apple-jelly-220x251-1-150x171.png 150w\" sizes=\"(max-width: 220px) 100vw, 220px\" \/><\/a><\/div><\/div><\/div><\/div>\n\n<style type=\"text\/css\" data-created_by=\"avia_inline_auto\" id=\"style-css-av-av_one_fourth-0aa7055fe62c3622faec82866afbaeb2\">\n.flex_column.av-av_one_fourth-0aa7055fe62c3622faec82866afbaeb2{\nborder-radius:0px 0px 0px 0px;\n-webkit-border-radius:0px 0px 0px 0px;\n-moz-border-radius:0px 0px 0px 0px;\n}\n<\/style>\n<div class='flex_column av-av_one_fourth-0aa7055fe62c3622faec82866afbaeb2 av_one_fourth  avia-builder-el-8  el_after_av_one_fourth  el_before_av_one_fourth  flex_column_div av-zero-column-padding column-top-margin'   ><style type=\"text\/css\" data-created_by=\"avia_inline_auto\" id=\"style-css-av-av_image-e5c4ed2f47540f0390941e92ca5e1f83\">\n.avia-image-container.av-av_image-e5c4ed2f47540f0390941e92ca5e1f83 .av-image-caption-overlay-center{\ncolor:#ffffff;\n}\n<\/style>\n<div  class='avia-image-container av-av_image-e5c4ed2f47540f0390941e92ca5e1f83 av-styling- avia-align-center  avia-builder-el-9  avia-builder-el-no-sibling  '  itemprop=\"image\" itemscope=\"itemscope\" itemtype=\"https:\/\/schema.org\/ImageObject\" ><div class=\"avia-image-container-inner\"><div class=\"avia-image-overlay-wrap\"><a href=\"https:\/\/lespetitsfruits.ca\/our-products\/jams\/blueberry-jam-nutritional-information\/\" class='avia_image' ><img decoding=\"async\" width=\"220\" height=\"251\" class='wp-image-5291 avia-img-lazy-loading-not-5291 avia_image' src=\"https:\/\/lespetitsfruits.ca\/wp-content\/uploads\/2017\/01\/petits-fruits-jam-blueberry-jam-220x251-1.png\" alt='Confiture de bleuets' title=''  itemprop=\"thumbnailUrl\" srcset=\"https:\/\/lespetitsfruits.ca\/wp-content\/uploads\/2017\/01\/petits-fruits-jam-blueberry-jam-220x251-1.png 220w, https:\/\/lespetitsfruits.ca\/wp-content\/uploads\/2017\/01\/petits-fruits-jam-blueberry-jam-220x251-1-150x171.png 150w\" sizes=\"(max-width: 220px) 100vw, 220px\" \/><\/a><\/div><\/div><\/div><\/div>\n\n<style type=\"text\/css\" data-created_by=\"avia_inline_auto\" id=\"style-css-av-av_one_fourth-0aa7055fe62c3622faec82866afbaeb2\">\n.flex_column.av-av_one_fourth-0aa7055fe62c3622faec82866afbaeb2{\nborder-radius:0px 0px 0px 0px;\n-webkit-border-radius:0px 0px 0px 0px;\n-moz-border-radius:0px 0px 0px 0px;\n}\n<\/style>\n<div class='flex_column av-av_one_fourth-0aa7055fe62c3622faec82866afbaeb2 av_one_fourth  avia-builder-el-10  el_after_av_one_fourth  el_before_av_one_fourth  flex_column_div av-zero-column-padding column-top-margin'   ><style type=\"text\/css\" data-created_by=\"avia_inline_auto\" id=\"style-css-av-av_image-35b211a22b0f50ed0e87cfceda26b21e\">\n.avia-image-container.av-av_image-35b211a22b0f50ed0e87cfceda26b21e .av-image-caption-overlay-center{\ncolor:#ffffff;\n}\n<\/style>\n<div  class='avia-image-container av-av_image-35b211a22b0f50ed0e87cfceda26b21e av-styling- avia-align-center  avia-builder-el-11  avia-builder-el-no-sibling  '  itemprop=\"image\" itemscope=\"itemscope\" itemtype=\"https:\/\/schema.org\/ImageObject\" ><div class=\"avia-image-container-inner\"><div class=\"avia-image-overlay-wrap\"><a href=\"https:\/\/lespetitsfruits.ca\/our-products\/jams\/raspberry-jam-nutritional-information\/\" class='avia_image' ><img decoding=\"async\" width=\"220\" height=\"251\" class='wp-image-5282 avia-img-lazy-loading-not-5282 avia_image' src=\"https:\/\/lespetitsfruits.ca\/wp-content\/uploads\/2017\/02\/petits-fruits-jam-raspberry-jam-220x251-1.png\" alt='Confiture de framboises' title=''  itemprop=\"thumbnailUrl\" srcset=\"https:\/\/lespetitsfruits.ca\/wp-content\/uploads\/2017\/02\/petits-fruits-jam-raspberry-jam-220x251-1.png 220w, https:\/\/lespetitsfruits.ca\/wp-content\/uploads\/2017\/02\/petits-fruits-jam-raspberry-jam-220x251-1-150x171.png 150w\" sizes=\"(max-width: 220px) 100vw, 220px\" \/><\/a><\/div><\/div><\/div><\/div>\n\n<style type=\"text\/css\" data-created_by=\"avia_inline_auto\" id=\"style-css-av-av_one_fourth-6126cab7d8fab8d08143dd2dacdf673c\">\n.flex_column.av-av_one_fourth-6126cab7d8fab8d08143dd2dacdf673c{\nborder-radius:0px 0px 0px 0px;\n-webkit-border-radius:0px 0px 0px 0px;\n-moz-border-radius:0px 0px 0px 0px;\n}\n<\/style>\n<div class='flex_column av-av_one_fourth-6126cab7d8fab8d08143dd2dacdf673c av_one_fourth  avia-builder-el-12  el_after_av_one_fourth  el_before_av_one_fourth  first flex_column_div av-zero-column-padding column-top-margin'   ><style type=\"text\/css\" data-created_by=\"avia_inline_auto\" id=\"style-css-av-av_image-12b841f098ae3a5b12a861b60716b9b8\">\n.avia-image-container.av-av_image-12b841f098ae3a5b12a861b60716b9b8 .av-image-caption-overlay-center{\ncolor:#ffffff;\n}\n<\/style>\n<div  class='avia-image-container av-av_image-12b841f098ae3a5b12a861b60716b9b8 av-styling- avia-align-center  avia-builder-el-13  avia-builder-el-no-sibling  '  itemprop=\"image\" itemscope=\"itemscope\" itemtype=\"https:\/\/schema.org\/ImageObject\" ><div class=\"avia-image-container-inner\"><div class=\"avia-image-overlay-wrap\"><a href=\"https:\/\/lespetitsfruits.ca\/our-products\/jams\/rhubarb-jam-nutritional-information\/\" class='avia_image' ><img decoding=\"async\" width=\"220\" height=\"251\" class='wp-image-5280 avia-img-lazy-loading-not-5280 avia_image' src=\"https:\/\/lespetitsfruits.ca\/wp-content\/uploads\/2017\/02\/petits-fruits-jam-rhubarb-jam-220x251-1.png\" alt='Confiture de rhubarbe' title=''  itemprop=\"thumbnailUrl\" srcset=\"https:\/\/lespetitsfruits.ca\/wp-content\/uploads\/2017\/02\/petits-fruits-jam-rhubarb-jam-220x251-1.png 220w, https:\/\/lespetitsfruits.ca\/wp-content\/uploads\/2017\/02\/petits-fruits-jam-rhubarb-jam-220x251-1-150x171.png 150w\" sizes=\"(max-width: 220px) 100vw, 220px\" \/><\/a><\/div><\/div><\/div><\/div>\n\n<style type=\"text\/css\" data-created_by=\"avia_inline_auto\" id=\"style-css-av-av_one_fourth-0aa7055fe62c3622faec82866afbaeb2\">\n.flex_column.av-av_one_fourth-0aa7055fe62c3622faec82866afbaeb2{\nborder-radius:0px 0px 0px 0px;\n-webkit-border-radius:0px 0px 0px 0px;\n-moz-border-radius:0px 0px 0px 0px;\n}\n<\/style>\n<div class='flex_column av-av_one_fourth-0aa7055fe62c3622faec82866afbaeb2 av_one_fourth  avia-builder-el-14  el_after_av_one_fourth  el_before_av_one_fourth  flex_column_div av-zero-column-padding column-top-margin'   ><style type=\"text\/css\" data-created_by=\"avia_inline_auto\" id=\"style-css-av-av_image-bd307dab5a79c08bcde682942a77a75b\">\n.avia-image-container.av-av_image-bd307dab5a79c08bcde682942a77a75b .av-image-caption-overlay-center{\ncolor:#ffffff;\n}\n<\/style>\n<div  class='avia-image-container av-av_image-bd307dab5a79c08bcde682942a77a75b av-styling- avia-align-center  avia-builder-el-15  avia-builder-el-no-sibling  '  itemprop=\"image\" itemscope=\"itemscope\" itemtype=\"https:\/\/schema.org\/ImageObject\" ><div class=\"avia-image-container-inner\"><div class=\"avia-image-overlay-wrap\"><a href=\"https:\/\/lespetitsfruits.ca\/our-products\/jams\/old-fashion-strawberry-jam-nutritional-information\/\" class='avia_image' ><img decoding=\"async\" width=\"220\" height=\"251\" class='wp-image-5278 avia-img-lazy-loading-not-5278 avia_image' src=\"https:\/\/lespetitsfruits.ca\/wp-content\/uploads\/2017\/02\/petits-fruits-jam-old-fashion-strawberry-jam-220x251-1.png\" alt='Confiture de fraises \u00e0 l\u2019ancienne' title=''  itemprop=\"thumbnailUrl\" srcset=\"https:\/\/lespetitsfruits.ca\/wp-content\/uploads\/2017\/02\/petits-fruits-jam-old-fashion-strawberry-jam-220x251-1.png 220w, https:\/\/lespetitsfruits.ca\/wp-content\/uploads\/2017\/02\/petits-fruits-jam-old-fashion-strawberry-jam-220x251-1-150x171.png 150w\" sizes=\"(max-width: 220px) 100vw, 220px\" \/><\/a><\/div><\/div><\/div><\/div>\n\n<style type=\"text\/css\" data-created_by=\"avia_inline_auto\" id=\"style-css-av-av_one_fourth-0aa7055fe62c3622faec82866afbaeb2\">\n.flex_column.av-av_one_fourth-0aa7055fe62c3622faec82866afbaeb2{\nborder-radius:0px 0px 0px 0px;\n-webkit-border-radius:0px 0px 0px 0px;\n-moz-border-radius:0px 0px 0px 0px;\n}\n<\/style>\n<div class='flex_column av-av_one_fourth-0aa7055fe62c3622faec82866afbaeb2 av_one_fourth  avia-builder-el-16  el_after_av_one_fourth  el_before_av_one_fourth  flex_column_div av-zero-column-padding column-top-margin'   ><style type=\"text\/css\" data-created_by=\"avia_inline_auto\" id=\"style-css-av-av_image-39cc80dd335d44227a1d5acbe95cf179\">\n.avia-image-container.av-av_image-39cc80dd335d44227a1d5acbe95cf179 .av-image-caption-overlay-center{\ncolor:#ffffff;\n}\n<\/style>\n<div  class='avia-image-container av-av_image-39cc80dd335d44227a1d5acbe95cf179 av-styling- avia-align-center  avia-builder-el-17  avia-builder-el-no-sibling  '  itemprop=\"image\" itemscope=\"itemscope\" itemtype=\"https:\/\/schema.org\/ImageObject\" ><div class=\"avia-image-container-inner\"><div class=\"avia-image-overlay-wrap\"><a href=\"https:\/\/lespetitsfruits.ca\/our-products\/jams\/strawberry-gooseberry-jam-nutritional-information\/\" class='avia_image' ><img decoding=\"async\" width=\"220\" height=\"251\" class='wp-image-5276 avia-img-lazy-loading-not-5276 avia_image' src=\"https:\/\/lespetitsfruits.ca\/wp-content\/uploads\/2017\/02\/petits-fruits-jam-strawberry-gooseberry-jam-220x251-1.png\" alt='' title=''  itemprop=\"thumbnailUrl\" srcset=\"https:\/\/lespetitsfruits.ca\/wp-content\/uploads\/2017\/02\/petits-fruits-jam-strawberry-gooseberry-jam-220x251-1.png 220w, https:\/\/lespetitsfruits.ca\/wp-content\/uploads\/2017\/02\/petits-fruits-jam-strawberry-gooseberry-jam-220x251-1-150x171.png 150w\" sizes=\"(max-width: 220px) 100vw, 220px\" \/><\/a><\/div><\/div><\/div><\/div>\n\n<style type=\"text\/css\" data-created_by=\"avia_inline_auto\" id=\"style-css-av-av_one_fourth-0aa7055fe62c3622faec82866afbaeb2\">\n.flex_column.av-av_one_fourth-0aa7055fe62c3622faec82866afbaeb2{\nborder-radius:0px 0px 0px 0px;\n-webkit-border-radius:0px 0px 0px 0px;\n-moz-border-radius:0px 0px 0px 0px;\n}\n<\/style>\n<div class='flex_column av-av_one_fourth-0aa7055fe62c3622faec82866afbaeb2 av_one_fourth  avia-builder-el-18  el_after_av_one_fourth  avia-builder-el-last  flex_column_div av-zero-column-padding column-top-margin'   ><style type=\"text\/css\" data-created_by=\"avia_inline_auto\" id=\"style-css-av-av_image-39f8177c2f109da095a5dfa97f6fb9d1\">\n.avia-image-container.av-av_image-39f8177c2f109da095a5dfa97f6fb9d1 .av-image-caption-overlay-center{\ncolor:#ffffff;\n}\n<\/style>\n<div  class='avia-image-container av-av_image-39f8177c2f109da095a5dfa97f6fb9d1 av-styling- avia-align-center  avia-builder-el-19  avia-builder-el-no-sibling  '  itemprop=\"image\" itemscope=\"itemscope\" itemtype=\"https:\/\/schema.org\/ImageObject\" ><div class=\"avia-image-container-inner\"><div class=\"avia-image-overlay-wrap\"><a href=\"https:\/\/lespetitsfruits.ca\/our-products\/jams\/strawberry-rhubarb-jam-nutritional-information\/\" class='avia_image' ><img decoding=\"async\" width=\"220\" height=\"251\" class='wp-image-5274 avia-img-lazy-loading-not-5274 avia_image' src=\"https:\/\/lespetitsfruits.ca\/wp-content\/uploads\/2017\/02\/petits-fruits-jam-strawberry-rhubarb-jam-220x251-1.png\" alt='' title=''  itemprop=\"thumbnailUrl\" srcset=\"https:\/\/lespetitsfruits.ca\/wp-content\/uploads\/2017\/02\/petits-fruits-jam-strawberry-rhubarb-jam-220x251-1.png 220w, https:\/\/lespetitsfruits.ca\/wp-content\/uploads\/2017\/02\/petits-fruits-jam-strawberry-rhubarb-jam-220x251-1-150x171.png 150w\" sizes=\"(max-width: 220px) 100vw, 220px\" \/><\/a><\/div><\/div><\/div><\/div>\n","protected":false},"excerpt":{"rendered":"","protected":false},"author":1,"featured_media":0,"parent":0,"menu_order":0,"comment_status":"closed","ping_status":"closed","template":"","meta":{"footnotes":""},"class_list":["post-4006","page","type-page","status-publish","hentry"],"_links":{"self":[{"href":"https:\/\/lespetitsfruits.ca\/fr\/wp-json\/wp\/v2\/pages\/4006","targetHints":{"allow":["GET"]}}],"collection":[{"href":"https:\/\/lespetitsfruits.ca\/fr\/wp-json\/wp\/v2\/pages"}],"about":[{"href":"https:\/\/lespetitsfruits.ca\/fr\/wp-json\/wp\/v2\/types\/page"}],"author":[{"embeddable":true,"href":"https:\/\/lespetitsfruits.ca\/fr\/wp-json\/wp\/v2\/users\/1"}],"replies":[{"embeddable":true,"href":"https:\/\/lespetitsfruits.ca\/fr\/wp-json\/wp\/v2\/comments?post=4006"}],"version-history":[{"count":26,"href":"https:\/\/lespetitsfruits.ca\/fr\/wp-json\/wp\/v2\/pages\/4006\/revisions"}],"predecessor-version":[{"id":6563,"href":"https:\/\/lespetitsfruits.ca\/fr\/wp-json\/wp\/v2\/pages\/4006\/revisions\/6563"}],"wp:attachment":[{"href":"https:\/\/lespetitsfruits.ca\/fr\/wp-json\/wp\/v2\/media?parent=4006"}],"curies":[{"name":"wp","href":"https:\/\/api.w.org\/{rel}","templated":true}]}}