{"id":4010,"date":"2017-04-02T02:54:37","date_gmt":"2017-04-02T02:54:37","guid":{"rendered":"http:\/\/nurtureatlantic.ca\/petitsfruits\/?page_id=4010"},"modified":"2017-04-25T13:56:05","modified_gmt":"2017-04-25T13:56:05","slug":"qui-sommes-nous","status":"publish","type":"page","link":"https:\/\/lespetitsfruits.ca\/fr\/qui-sommes-nous\/","title":{"rendered":"Qui Sommes Nous"},"content":{"rendered":"\n<style type=\"text\/css\" data-created_by=\"avia_inline_auto\" id=\"style-css-av-av_one_full-6126cab7d8fab8d08143dd2dacdf673c\">\n.flex_column.av-av_one_full-6126cab7d8fab8d08143dd2dacdf673c{\nborder-radius:0px 0px 0px 0px;\n-webkit-border-radius:0px 0px 0px 0px;\n-moz-border-radius:0px 0px 0px 0px;\n}\n<\/style>\n<div class='flex_column av-av_one_full-6126cab7d8fab8d08143dd2dacdf673c av_one_full  avia-builder-el-0  el_before_av_two_third  avia-builder-el-first  first flex_column_div av-zero-column-padding '   ><style type=\"text\/css\" data-created_by=\"avia_inline_auto\" id=\"style-css-av-av_image-9cc13dbf4e1b2a198eb291ee36a41d39\">\n.avia-image-container.av-av_image-9cc13dbf4e1b2a198eb291ee36a41d39 .av-image-caption-overlay-center{\ncolor:#ffffff;\n}\n<\/style>\n<div  class='avia-image-container av-av_image-9cc13dbf4e1b2a198eb291ee36a41d39 av-styling- avia-align-center  avia-builder-el-1  avia-builder-el-no-sibling  '  itemprop=\"image\" itemscope=\"itemscope\" itemtype=\"https:\/\/schema.org\/ImageObject\" ><div class=\"avia-image-container-inner\"><div class=\"avia-image-overlay-wrap\"><img decoding=\"async\" class='wp-image-4727 avia-img-lazy-loading-not-4727 avia_image' src=\"https:\/\/lespetitsfruits.ca\/wp-content\/uploads\/2017\/04\/Profile-1-1500x430.jpg\" alt='' title=''  height=\"430\" width=\"1500\"  itemprop=\"thumbnailUrl\"  \/><\/div><\/div><\/div><\/div>\n\n<style type=\"text\/css\" data-created_by=\"avia_inline_auto\" id=\"style-css-av-av_two_third-6126cab7d8fab8d08143dd2dacdf673c\">\n.flex_column.av-av_two_third-6126cab7d8fab8d08143dd2dacdf673c{\nborder-radius:0px 0px 0px 0px;\n-webkit-border-radius:0px 0px 0px 0px;\n-moz-border-radius:0px 0px 0px 0px;\n}\n<\/style>\n<div class='flex_column av-av_two_third-6126cab7d8fab8d08143dd2dacdf673c av_two_third  avia-builder-el-2  el_after_av_one_full  el_before_av_one_third  first flex_column_div av-zero-column-padding column-top-margin'   ><p>\n<style type=\"text\/css\" data-created_by=\"avia_inline_auto\" id=\"style-css-av-av_image-1884c32c4ec77b5b6f58ca44bb0aa271\">\n.avia-image-container.av-av_image-1884c32c4ec77b5b6f58ca44bb0aa271 .av-image-caption-overlay-center{\ncolor:#ffffff;\n}\n<\/style>\n<div  class='avia-image-container av-av_image-1884c32c4ec77b5b6f58ca44bb0aa271 av-styling- avia-align-center  avia-builder-el-3  el_before_av_textblock  avia-builder-el-first  '  itemprop=\"image\" itemscope=\"itemscope\" itemtype=\"https:\/\/schema.org\/ImageObject\" ><div class=\"avia-image-container-inner\"><div class=\"avia-image-overlay-wrap\"><img decoding=\"async\" class='wp-image-5239 avia-img-lazy-loading-not-5239 avia_image' src=\"https:\/\/lespetitsfruits.ca\/wp-content\/uploads\/2017\/04\/Our-Story_FR.png\" alt='' title=''  height=\"110\" width=\"350\"  itemprop=\"thumbnailUrl\" srcset=\"https:\/\/lespetitsfruits.ca\/wp-content\/uploads\/2017\/04\/Our-Story_FR.png 350w, https:\/\/lespetitsfruits.ca\/wp-content\/uploads\/2017\/04\/Our-Story_FR-300x94.png 300w, https:\/\/lespetitsfruits.ca\/wp-content\/uploads\/2017\/04\/Our-Story_FR-150x47.png 150w, https:\/\/lespetitsfruits.ca\/wp-content\/uploads\/2017\/04\/Our-Story_FR-220x69.png 220w\" sizes=\"(max-width: 350px) 100vw, 350px\" \/><\/div><\/div><\/div><br \/>\n<section class=\"av_textblock_section \"  itemscope=\"itemscope\" itemtype=\"https:\/\/schema.org\/CreativeWork\" ><div class='avia_textblock  '  style='font-size:22px; '  itemprop=\"text\" ><p>C\u2019est en l\u2019an 2000 que les propri\u00e9taires de la ferme, Madeleine C\u00e9r\u00e9 et Jean-Louis Bourgeois ont cr\u00e9\u00e9 l\u2019entreprise Les Petits Fruits de Pr\u00e9-d\u2019en-haut. \u00c9tant tous les deux du milieu agricole, ayant tous les deux \u00e9t\u00e9s n\u00e9s et \u00e9lev\u00e9s sur des fermes de pommes, Madeleine est originaire du Qu\u00e9bec et Jean-Louis est originaire du Nouveau-Brunswick.<\/p>\n<p>Partageant un r\u00eave en commun et une passion pour l\u2019agriculture, ils ont fait la d\u00e9cision de cr\u00e9er une plantation de bleuets en corymbe dans la belle Vall\u00e9e de Memramcook, au Nouveau-Brunswick, Canada. Au fil des ann\u00e9es, s\u2019est ajout\u00e9 \u00e0 leurs cultures une vari\u00e9t\u00e9 de fruits et de l\u00e9gumes.<\/p>\n<\/div><\/section><\/p><\/div>\n<style type=\"text\/css\" data-created_by=\"avia_inline_auto\" id=\"style-css-av-av_one_third-0aa7055fe62c3622faec82866afbaeb2\">\n.flex_column.av-av_one_third-0aa7055fe62c3622faec82866afbaeb2{\nborder-radius:0px 0px 0px 0px;\n-webkit-border-radius:0px 0px 0px 0px;\n-moz-border-radius:0px 0px 0px 0px;\n}\n<\/style>\n<div class='flex_column av-av_one_third-0aa7055fe62c3622faec82866afbaeb2 av_one_third  avia-builder-el-5  el_after_av_two_third  avia-builder-el-last  flex_column_div av-zero-column-padding column-top-margin'   ><section class=\"av_textblock_section \"  itemscope=\"itemscope\" itemtype=\"https:\/\/schema.org\/CreativeWork\" ><div class='avia_textblock  '   itemprop=\"text\" ><p>Jean-Louis et Madeleine ont le souci du travail bien fait, mais dans un grand respect de l\u2019environnement. Ils pratiquent dans leurs champs la lutte int\u00e9gr\u00e9e, c\u2019est-\u00e0-dire une approche de la culture par de bonnes pratiques culturales, et l\u2019utilisation de pi\u00e8ges \u00e0 insectes pour d\u00e9terminer si oui ou non il y a lieu de faire des traitements, et si oui, le meilleur moment pour le faire, minimisant ainsi l\u2019usage de pesticides.<\/p>\n<p>La F\u00e9d\u00e9ration Francophone des Agriculteurs et Agricultrices de Nouveau-Brunswick a d\u2019ailleurs d\u00e9cern\u00e9 le titre de Ferme de l\u2019Ann\u00e9e \u00e0 la ferme Les Petits Fruits de Pr\u00e9-d\u2019en-Haut, pour ses bonnes pratiques culturales et son respect de l\u2019environnement.<\/p>\n<p>Les Petits Fruits de Pr\u00e9-d\u2019en-Haut fait partie de l\u2019Alliance Agricole du Nouveau Brunswick, et est aussi membre de La R\u00e9colte de Chez-Nous.<\/p>\n<\/div><\/section><\/div><\/p>\n","protected":false},"excerpt":{"rendered":"","protected":false},"author":1,"featured_media":0,"parent":0,"menu_order":0,"comment_status":"closed","ping_status":"closed","template":"","meta":{"footnotes":""},"class_list":["post-4010","page","type-page","status-publish","hentry"],"_links":{"self":[{"href":"https:\/\/lespetitsfruits.ca\/fr\/wp-json\/wp\/v2\/pages\/4010","targetHints":{"allow":["GET"]}}],"collection":[{"href":"https:\/\/lespetitsfruits.ca\/fr\/wp-json\/wp\/v2\/pages"}],"about":[{"href":"https:\/\/lespetitsfruits.ca\/fr\/wp-json\/wp\/v2\/types\/page"}],"author":[{"embeddable":true,"href":"https:\/\/lespetitsfruits.ca\/fr\/wp-json\/wp\/v2\/users\/1"}],"replies":[{"embeddable":true,"href":"https:\/\/lespetitsfruits.ca\/fr\/wp-json\/wp\/v2\/comments?post=4010"}],"version-history":[{"count":8,"href":"https:\/\/lespetitsfruits.ca\/fr\/wp-json\/wp\/v2\/pages\/4010\/revisions"}],"predecessor-version":[{"id":5243,"href":"https:\/\/lespetitsfruits.ca\/fr\/wp-json\/wp\/v2\/pages\/4010\/revisions\/5243"}],"wp:attachment":[{"href":"https:\/\/lespetitsfruits.ca\/fr\/wp-json\/wp\/v2\/media?parent=4010"}],"curies":[{"name":"wp","href":"https:\/\/api.w.org\/{rel}","templated":true}]}}