{"id":4016,"date":"2017-04-02T03:05:14","date_gmt":"2017-04-02T03:05:14","guid":{"rendered":"http:\/\/nurtureatlantic.ca\/petitsfruits\/?page_id=4016"},"modified":"2017-04-03T13:32:10","modified_gmt":"2017-04-03T13:32:10","slug":"communaute","status":"publish","type":"page","link":"https:\/\/lespetitsfruits.ca\/fr\/communaute\/","title":{"rendered":"Communaut\u00e9"},"content":{"rendered":"\n<style type=\"text\/css\" data-created_by=\"avia_inline_auto\" id=\"style-css-av-av_one_full-6126cab7d8fab8d08143dd2dacdf673c\">\n.flex_column.av-av_one_full-6126cab7d8fab8d08143dd2dacdf673c{\nborder-radius:0px 0px 0px 0px;\n-webkit-border-radius:0px 0px 0px 0px;\n-moz-border-radius:0px 0px 0px 0px;\n}\n<\/style>\n<div class='flex_column av-av_one_full-6126cab7d8fab8d08143dd2dacdf673c av_one_full  avia-builder-el-0  el_before_av_two_third  avia-builder-el-first  first flex_column_div av-zero-column-padding '   ><style type=\"text\/css\" data-created_by=\"avia_inline_auto\" id=\"style-css-av-av_image-ffa6915b2f3db0cdfb2b4dfe3f457a3a\">\n.avia-image-container.av-av_image-ffa6915b2f3db0cdfb2b4dfe3f457a3a .av-image-caption-overlay-center{\ncolor:#ffffff;\n}\n<\/style>\n<div  class='avia-image-container av-av_image-ffa6915b2f3db0cdfb2b4dfe3f457a3a av-styling- avia-align-center  avia-builder-el-1  avia-builder-el-no-sibling  '  itemprop=\"image\" itemscope=\"itemscope\" itemtype=\"https:\/\/schema.org\/ImageObject\" ><div class=\"avia-image-container-inner\"><div class=\"avia-image-overlay-wrap\"><img decoding=\"async\" class='wp-image-4724 avia-img-lazy-loading-not-4724 avia_image' src=\"https:\/\/lespetitsfruits.ca\/wp-content\/uploads\/2017\/04\/Memramcook-Valley-1-1500x430.jpg\" alt='' title=''  height=\"430\" width=\"1500\"  itemprop=\"thumbnailUrl\"  \/><\/div><\/div><\/div><\/div>\n\n<style type=\"text\/css\" data-created_by=\"avia_inline_auto\" id=\"style-css-av-av_two_third-6126cab7d8fab8d08143dd2dacdf673c\">\n.flex_column.av-av_two_third-6126cab7d8fab8d08143dd2dacdf673c{\nborder-radius:0px 0px 0px 0px;\n-webkit-border-radius:0px 0px 0px 0px;\n-moz-border-radius:0px 0px 0px 0px;\n}\n<\/style>\n<div class='flex_column av-av_two_third-6126cab7d8fab8d08143dd2dacdf673c av_two_third  avia-builder-el-2  el_after_av_one_full  el_before_av_one_third  first flex_column_div av-zero-column-padding column-top-margin'   ><section class=\"av_textblock_section \"  itemscope=\"itemscope\" itemtype=\"https:\/\/schema.org\/CreativeWork\" ><div class='avia_textblock  '   itemprop=\"text\" ><p>Les Petits Fruits de Pr\u00e9-d\u2019en-Haut est situ\u00e9 dans la belle vall\u00e9e de Memramcook, tous pr\u00e8s de Moncton, au Nouveau-Brunswick, Canada. Notre ferme surplombe la majestueuse Baie de Fundy, et on y retrouve une abondance de baies, de citrouilles, et une grande vari\u00e9t\u00e9 de courges.<\/p>\n<p>Les fraises, les framboises, les bleuets en corymbe et les groseilles font parties de nos baies et sont plant\u00e9es avec soin et attention pour s\u2019assurer d\u2019avoir des fruits d\u00e9licieux et de qualit\u00e9.<\/p>\n<p>Nous sommes fiers d\u2019\u00eatre \u00e9tablis \u00e0 Pr\u00e9-d\u2019en-Haut et nous aimons faire partie de la communaut\u00e9 de Memramcook. Nous servons la r\u00e9gion du Grand Moncton.<\/p>\n<\/div><\/section><\/div>\n\n<style type=\"text\/css\" data-created_by=\"avia_inline_auto\" id=\"style-css-av-av_one_third-0aa7055fe62c3622faec82866afbaeb2\">\n.flex_column.av-av_one_third-0aa7055fe62c3622faec82866afbaeb2{\nborder-radius:0px 0px 0px 0px;\n-webkit-border-radius:0px 0px 0px 0px;\n-moz-border-radius:0px 0px 0px 0px;\n}\n<\/style>\n<div class='flex_column av-av_one_third-0aa7055fe62c3622faec82866afbaeb2 av_one_third  avia-builder-el-4  el_after_av_two_third  el_before_av_one_full  flex_column_div av-zero-column-padding column-top-margin'   ><section class=\"av_textblock_section \"  itemscope=\"itemscope\" itemtype=\"https:\/\/schema.org\/CreativeWork\" ><div class='avia_textblock  '   itemprop=\"text\" ><p><em>Nous vous invitons \u00e0 en apprendre plus :<\/em><\/p>\n<p><a href=\"http:\/\/marchedieppemarket.com\/fr\/\" target=\"_blank\" rel=\"noopener\">March\u00e9 Dieppe Market<\/a><\/p>\n<p><a href=\"http:\/\/www.marchemonctonmarket.ca\/market_accueil.htm\" target=\"_blank\" rel=\"noopener\">March\u00e9 Moncton Market<\/a><\/p>\n<p><a href=\"https:\/\/recoltedecheznous.com\/fr\/producer\/view\/les_petits_fruits_de_pre_den_haut\" target=\"_blank\" rel=\"noopener\">La R\u00e9colte de Chez Nous<\/a><\/p>\n<p><a href=\"http:\/\/agroexperiencesnb.com\/fr\/producer\/view\/les_petits_fruits_de_pre_den_haut\" target=\"_blank\" rel=\"noopener\">AgroExp\u00e9riences<\/a><\/p>\n<p><a href=\"http:\/\/www.memramcook.com\/fr\/visiteurs\/attractions-toursitiques\" target=\"_blank\" rel=\"noopener\">Village de Memramcook<\/a><\/p>\n<p><a href=\"http:\/\/vergerbelliveauorchard.ca\/?lang=fr\" target=\"_blank\" rel=\"noopener\">Verger Belliveau Orchard<\/a><\/p>\n<\/div><\/section><\/div>\n","protected":false},"excerpt":{"rendered":"","protected":false},"author":1,"featured_media":0,"parent":0,"menu_order":0,"comment_status":"closed","ping_status":"closed","template":"","meta":{"footnotes":""},"class_list":["post-4016","page","type-page","status-publish","hentry"],"_links":{"self":[{"href":"https:\/\/lespetitsfruits.ca\/fr\/wp-json\/wp\/v2\/pages\/4016","targetHints":{"allow":["GET"]}}],"collection":[{"href":"https:\/\/lespetitsfruits.ca\/fr\/wp-json\/wp\/v2\/pages"}],"about":[{"href":"https:\/\/lespetitsfruits.ca\/fr\/wp-json\/wp\/v2\/types\/page"}],"author":[{"embeddable":true,"href":"https:\/\/lespetitsfruits.ca\/fr\/wp-json\/wp\/v2\/users\/1"}],"replies":[{"embeddable":true,"href":"https:\/\/lespetitsfruits.ca\/fr\/wp-json\/wp\/v2\/comments?post=4016"}],"version-history":[{"count":8,"href":"https:\/\/lespetitsfruits.ca\/fr\/wp-json\/wp\/v2\/pages\/4016\/revisions"}],"predecessor-version":[{"id":4733,"href":"https:\/\/lespetitsfruits.ca\/fr\/wp-json\/wp\/v2\/pages\/4016\/revisions\/4733"}],"wp:attachment":[{"href":"https:\/\/lespetitsfruits.ca\/fr\/wp-json\/wp\/v2\/media?parent=4016"}],"curies":[{"name":"wp","href":"https:\/\/api.w.org\/{rel}","templated":true}]}}