{"id":4021,"date":"2017-04-02T03:13:26","date_gmt":"2017-04-02T03:13:26","guid":{"rendered":"http:\/\/nurtureatlantic.ca\/petitsfruits\/?page_id=4021"},"modified":"2017-04-02T22:14:31","modified_gmt":"2017-04-02T22:14:31","slug":"decharge-de-responsabilite","status":"publish","type":"page","link":"https:\/\/lespetitsfruits.ca\/fr\/decharge-de-responsabilite\/","title":{"rendered":"D\u00e9charge de responsabilit\u00e9"},"content":{"rendered":"<p>L&rsquo;information pr\u00e9sent\u00e9e sur ce site web est offerte uniquement pour votre int\u00e9r\u00eat, votre \u00e9ducation et pour des fins d&rsquo;informations g\u00e9n\u00e9rales. \u00a0Les renseignements figurant sur ce site Web sont fournis \u00ab tels quels \u00bb. Nous n&rsquo;effectuons aucune d\u00e9claration quelle qu&rsquo;elle soit concernant le site Web ou les renseignements y figurant. Le site Web peut renfermer des inexactitudes, des erreurs typographiques ou d&rsquo;autres types d&rsquo;erreur.<\/p>\n<p>L&rsquo;auteur du site et la ferme Les Petits Fruits de Pr\u00e9-d&rsquo;en-Haut se d\u00e9chargent toute responsabilit\u00e9 r\u00e9sultant de dommages se reliant \u00e0 l\u2019utilisation des informations contenues sur ce site. Notez que tandis que nous prenons toutes les pr\u00e9cautions n\u00e9cessaires afin d&rsquo;assurer que les recettes fournies sur ce site soient pr\u00e9cises, nous n&rsquo;offrons aucune guarantie qu\u2019en \u00e0 l\u2019exactitute ou le succ\u00e8s des recettes qui sont pr\u00e9sent\u00e9es.<\/p>\n<p><strong>Lien Hypertexte<br \/>\n<\/strong>Les hyperliens vers d&rsquo;autres sites Web sont fournis \u00e0 titre de commodit\u00e9 seulement, et n&rsquo;engagent aucune responsabilit\u00e9 ni approbation de la part de la ferme Les Petits Fruits de Pr\u00e9-d&rsquo;en-Haut concernant les renseignements figurant sur ces autres sites Web. L&rsquo;utilisateur assume ses propres risques d&rsquo;utilisation des sites faisant l&rsquo;objet d&rsquo;un hyperlien.<\/p>\n<p><strong>Droits d&rsquo;Auteur<br \/>\n<\/strong>Les images et le contenu retrouv\u00e9s sur ce site sont la propri\u00e9t\u00e9 de la ferme Les Petits Fruits de Pr\u00e9-d&rsquo;en-Haut. Si vous d\u00e9sirez vous servir de ces images ou de son contenu, vous devez obtenir au pr\u00e9alable la permission de son propri\u00e9taire. Tout contenu ou image est prot\u00e9g\u00e9 par la loi sur les droits d&rsquo;auteur.<\/p>\n","protected":false},"excerpt":{"rendered":"<p>L&rsquo;information pr\u00e9sent\u00e9e sur ce site web est offerte uniquement pour votre int\u00e9r\u00eat, votre \u00e9ducation et pour des fins d&rsquo;informations g\u00e9n\u00e9rales. \u00a0Les renseignements figurant sur ce site Web sont fournis \u00ab tels quels \u00bb. Nous n&rsquo;effectuons aucune d\u00e9claration quelle qu&rsquo;elle soit concernant le site Web ou les renseignements y figurant. Le site Web peut renfermer des [&hellip;]<\/p>\n","protected":false},"author":1,"featured_media":0,"parent":0,"menu_order":0,"comment_status":"closed","ping_status":"closed","template":"","meta":{"footnotes":""},"class_list":["post-4021","page","type-page","status-publish","hentry"],"_links":{"self":[{"href":"https:\/\/lespetitsfruits.ca\/fr\/wp-json\/wp\/v2\/pages\/4021","targetHints":{"allow":["GET"]}}],"collection":[{"href":"https:\/\/lespetitsfruits.ca\/fr\/wp-json\/wp\/v2\/pages"}],"about":[{"href":"https:\/\/lespetitsfruits.ca\/fr\/wp-json\/wp\/v2\/types\/page"}],"author":[{"embeddable":true,"href":"https:\/\/lespetitsfruits.ca\/fr\/wp-json\/wp\/v2\/users\/1"}],"replies":[{"embeddable":true,"href":"https:\/\/lespetitsfruits.ca\/fr\/wp-json\/wp\/v2\/comments?post=4021"}],"version-history":[{"count":3,"href":"https:\/\/lespetitsfruits.ca\/fr\/wp-json\/wp\/v2\/pages\/4021\/revisions"}],"predecessor-version":[{"id":5619,"href":"https:\/\/lespetitsfruits.ca\/fr\/wp-json\/wp\/v2\/pages\/4021\/revisions\/5619"}],"wp:attachment":[{"href":"https:\/\/lespetitsfruits.ca\/fr\/wp-json\/wp\/v2\/media?parent=4021"}],"curies":[{"name":"wp","href":"https:\/\/api.w.org\/{rel}","templated":true}]}}