{"id":4030,"date":"2017-04-02T03:17:33","date_gmt":"2017-04-02T03:17:33","guid":{"rendered":"http:\/\/nurtureatlantic.ca\/petitsfruits\/?page_id=4030"},"modified":"2017-04-08T23:21:58","modified_gmt":"2017-04-08T23:21:58","slug":"comment-nous-trouver","status":"publish","type":"page","link":"https:\/\/lespetitsfruits.ca\/fr\/comment-nous-trouver\/","title":{"rendered":"Comment nous trouver"},"content":{"rendered":"\n<style type=\"text\/css\" data-created_by=\"avia_inline_auto\" id=\"style-css-av-av_two_third-6126cab7d8fab8d08143dd2dacdf673c\">\n.flex_column.av-av_two_third-6126cab7d8fab8d08143dd2dacdf673c{\nborder-radius:0px 0px 0px 0px;\n-webkit-border-radius:0px 0px 0px 0px;\n-moz-border-radius:0px 0px 0px 0px;\n}\n<\/style>\n<div class='flex_column av-av_two_third-6126cab7d8fab8d08143dd2dacdf673c av_two_third  avia-builder-el-0  el_before_av_one_third  avia-builder-el-first  first flex_column_div av-zero-column-padding '   ><section class=\"av_textblock_section \"  itemscope=\"itemscope\" itemtype=\"https:\/\/schema.org\/CreativeWork\" ><div class='avia_textblock  '   itemprop=\"text\" ><p>La ferme Les Petits Fruits de Pr\u00e9-d&rsquo;en-Haut est situ\u00e9s dans la belle vall\u00e9e de Memramcook, tout pr\u00e8s de Moncton au Nouveau-Brunswick, Canada.<\/p>\n<p>En plus de produire nos baies, courges et citrouilles, nous fabriquons une gamme de confitures et gel\u00e9es confectionn\u00e9es \u00e0 l&rsquo;Ancienne \u00e0 partir des fruits que notre ferme produit. Vous pouvez vous procurer nos produits chez les supermarch\u00e9s des Maritimes, chez vos d\u00e9taillants ind\u00e9pendants, au march\u00e9 public de Dieppe de juillet \u00e0 novembre, ainsi qu\u2019\u00e0 notre ferme.<\/p>\n<h3><strong>March\u00e9\u00a0de Dieppe<\/strong><\/h3>\n<p>En saison, nous vous invitons \u00e0 venir nous visiter \u00e0 notre comptoir du March\u00e9 de Dieppe ou nous sommes pr\u00e9sents du d\u00e9but de l\u2019\u00e9t\u00e9 jusqu\u2019\u00e0 tard dans l\u2019automne. Vous serez enchant\u00e9s de la vari\u00e9t\u00e9 de fruits frais, de l\u00e9gumes du jardin ainsi que par nos confitures et gel\u00e9s. Le march\u00e9 de Dieppe est situ\u00e9 au 232 Rue Gauvin (pr\u00e8s de la rue Amirault) \u00e0 Dieppe au Nouveau-Brunswick.<\/p>\n<h3><strong>Autocueillette<\/strong><\/h3>\n<p>La saison d\u2019autocueillette s\u2019\u00e9chelonne de juillet \u00e0 octobre. D\u00e8s le d\u00e9but juillet, venez vivre l\u2019exp\u00e9rience de cueillir des petits fruits frais ou les acheter \u00e0 notre kiosque \u00e0 la ferme. Notre populaire cueillette de citrouilles est ouverte \u00e0 l\u2019automne. Une sortie familiale tr\u00e8s appr\u00e9ci\u00e9e qui vous permet de choisir parmi des citrouilles de toutes formes et tailles!<\/p>\n<p>Nos produits sont disponibles \u00e0 notre kiosque durant la saison d&rsquo;autocueillette.<\/p>\n<p>Pour de l\u2019information \u00e0 jour, veuillez nous t\u00e9l\u00e9phoner au 506.758.0987 ou visitez notre page Facebook.<\/p>\n<\/div><\/section><\/div>\n\n<style type=\"text\/css\" data-created_by=\"avia_inline_auto\" id=\"style-css-av-av_one_third-0aa7055fe62c3622faec82866afbaeb2\">\n.flex_column.av-av_one_third-0aa7055fe62c3622faec82866afbaeb2{\nborder-radius:0px 0px 0px 0px;\n-webkit-border-radius:0px 0px 0px 0px;\n-moz-border-radius:0px 0px 0px 0px;\n}\n<\/style>\n<div class='flex_column av-av_one_third-0aa7055fe62c3622faec82866afbaeb2 av_one_third  avia-builder-el-2  el_after_av_two_third  avia-builder-el-last  flex_column_div av-zero-column-padding '   ><p>\n<style type=\"text\/css\" data-created_by=\"avia_inline_auto\" id=\"style-css-av-av_image-0ce1c94e61c02bb1c1768cde2219adf1\">\n.avia-image-container.av-av_image-0ce1c94e61c02bb1c1768cde2219adf1 .av-image-caption-overlay-center{\ncolor:#ffffff;\n}\n<\/style>\n<div  class='avia-image-container av-av_image-0ce1c94e61c02bb1c1768cde2219adf1 av-styling- avia-align-center  avia-builder-el-3  el_before_av_image  avia-builder-el-first  '  itemprop=\"image\" itemscope=\"itemscope\" itemtype=\"https:\/\/schema.org\/ImageObject\" ><div class=\"avia-image-container-inner\"><div class=\"avia-image-overlay-wrap\"><img decoding=\"async\" class='wp-image-4757 avia-img-lazy-loading-not-4757 avia_image' src=\"https:\/\/lespetitsfruits.ca\/wp-content\/uploads\/2017\/04\/Button-How-to-Find-Us_FR.jpg\" alt='' title=''  height=\"160\" width=\"250\"  itemprop=\"thumbnailUrl\" srcset=\"https:\/\/lespetitsfruits.ca\/wp-content\/uploads\/2017\/04\/Button-How-to-Find-Us_FR.jpg 250w, https:\/\/lespetitsfruits.ca\/wp-content\/uploads\/2017\/04\/Button-How-to-Find-Us_FR-150x96.jpg 150w, https:\/\/lespetitsfruits.ca\/wp-content\/uploads\/2017\/04\/Button-How-to-Find-Us_FR-220x141.jpg 220w\" sizes=\"(max-width: 250px) 100vw, 250px\" \/><\/div><\/div><\/div><br \/>\n\n<style type=\"text\/css\" data-created_by=\"avia_inline_auto\" id=\"style-css-av-av_image-c83737a81dc6d5b931d4717d1955e77b\">\n.avia-image-container.av-av_image-c83737a81dc6d5b931d4717d1955e77b .av-image-caption-overlay-center{\ncolor:#ffffff;\n}\n<\/style>\n<div  class='avia-image-container av-av_image-c83737a81dc6d5b931d4717d1955e77b av-styling- avia-align-center  avia-builder-el-4  el_after_av_image  avia-builder-el-last  '  itemprop=\"image\" itemscope=\"itemscope\" itemtype=\"https:\/\/schema.org\/ImageObject\" ><div class=\"avia-image-container-inner\"><div class=\"avia-image-overlay-wrap\"><img decoding=\"async\" class='wp-image-4697 avia-img-lazy-loading-not-4697 avia_image' src=\"https:\/\/lespetitsfruits.ca\/wp-content\/uploads\/2017\/04\/PFP-Map.jpg\" alt='' title=''  height=\"273\" width=\"380\"  itemprop=\"thumbnailUrl\" srcset=\"https:\/\/lespetitsfruits.ca\/wp-content\/uploads\/2017\/04\/PFP-Map.jpg 380w, https:\/\/lespetitsfruits.ca\/wp-content\/uploads\/2017\/04\/PFP-Map-300x216.jpg 300w, https:\/\/lespetitsfruits.ca\/wp-content\/uploads\/2017\/04\/PFP-Map-150x108.jpg 150w, https:\/\/lespetitsfruits.ca\/wp-content\/uploads\/2017\/04\/PFP-Map-220x158.jpg 220w\" sizes=\"(max-width: 380px) 100vw, 380px\" \/><\/div><\/div><\/div><\/p><\/div>\n","protected":false},"excerpt":{"rendered":"","protected":false},"author":1,"featured_media":0,"parent":0,"menu_order":0,"comment_status":"closed","ping_status":"closed","template":"","meta":{"footnotes":""},"class_list":["post-4030","page","type-page","status-publish","hentry"],"_links":{"self":[{"href":"https:\/\/lespetitsfruits.ca\/fr\/wp-json\/wp\/v2\/pages\/4030","targetHints":{"allow":["GET"]}}],"collection":[{"href":"https:\/\/lespetitsfruits.ca\/fr\/wp-json\/wp\/v2\/pages"}],"about":[{"href":"https:\/\/lespetitsfruits.ca\/fr\/wp-json\/wp\/v2\/types\/page"}],"author":[{"embeddable":true,"href":"https:\/\/lespetitsfruits.ca\/fr\/wp-json\/wp\/v2\/users\/1"}],"replies":[{"embeddable":true,"href":"https:\/\/lespetitsfruits.ca\/fr\/wp-json\/wp\/v2\/comments?post=4030"}],"version-history":[{"count":8,"href":"https:\/\/lespetitsfruits.ca\/fr\/wp-json\/wp\/v2\/pages\/4030\/revisions"}],"predecessor-version":[{"id":4759,"href":"https:\/\/lespetitsfruits.ca\/fr\/wp-json\/wp\/v2\/pages\/4030\/revisions\/4759"}],"wp:attachment":[{"href":"https:\/\/lespetitsfruits.ca\/fr\/wp-json\/wp\/v2\/media?parent=4030"}],"curies":[{"name":"wp","href":"https:\/\/api.w.org\/{rel}","templated":true}]}}