{"id":4033,"date":"2017-04-02T03:22:40","date_gmt":"2017-04-02T03:22:40","guid":{"rendered":"http:\/\/nurtureatlantic.ca\/petitsfruits\/?page_id=4033"},"modified":"2024-09-11T12:57:28","modified_gmt":"2024-09-11T12:57:28","slug":"emplois","status":"publish","type":"page","link":"https:\/\/lespetitsfruits.ca\/fr\/emplois\/","title":{"rendered":"Emplois"},"content":{"rendered":"\n<style type=\"text\/css\" data-created_by=\"avia_inline_auto\" id=\"style-css-av-av_two_third-6126cab7d8fab8d08143dd2dacdf673c\">\n.flex_column.av-av_two_third-6126cab7d8fab8d08143dd2dacdf673c{\nborder-radius:0px 0px 0px 0px;\n-webkit-border-radius:0px 0px 0px 0px;\n-moz-border-radius:0px 0px 0px 0px;\n}\n<\/style>\n<div class='flex_column av-av_two_third-6126cab7d8fab8d08143dd2dacdf673c av_two_third  avia-builder-el-0  el_before_av_one_third  avia-builder-el-first  first flex_column_div av-zero-column-padding '   ><section class=\"av_textblock_section \"  itemscope=\"itemscope\" itemtype=\"https:\/\/schema.org\/CreativeWork\" ><div class='avia_textblock  '   itemprop=\"text\" ><p><strong>Emplois disponibles pour travail saisonnier<\/strong><\/p>\n<p>Nous recherchons des travailleurs agricoles pour la saison. Nous avons besoin d\u2019employ\u00e9s pour diff\u00e9rents travaux dans les champs, soit principalement pour le d\u00e9sherbage des l\u00e9gumes ainsi que la r\u00e9colte de petits fruits comme bleuets et fraises, ainsi que diff\u00e9rents l\u00e9gumes. \u00c9ducation et exp\u00e9rience non requise. D\u00e9but du travail : mai jusqu\u2018\u00e0 la fin novembre. Salaire minimum.<\/p>\n<p>Appliquez par t\u00e9l\u00e9copieur au 506.758.2878 ou par courriel : <a href=\"mailto:madeleine@lespetitsfruits.ca\" target=\"_blank\" rel=\"noopener\">madeleine@lespetitsfruits.ca<\/a><\/p>\n<p>Merci de votre int\u00e9r\u00eat!<\/p>\n<\/div><\/section><\/div>\n<style type=\"text\/css\" data-created_by=\"avia_inline_auto\" id=\"style-css-av-av_one_third-0aa7055fe62c3622faec82866afbaeb2\">\n.flex_column.av-av_one_third-0aa7055fe62c3622faec82866afbaeb2{\nborder-radius:0px 0px 0px 0px;\n-webkit-border-radius:0px 0px 0px 0px;\n-moz-border-radius:0px 0px 0px 0px;\n}\n<\/style>\n<div class='flex_column av-av_one_third-0aa7055fe62c3622faec82866afbaeb2 av_one_third  avia-builder-el-2  el_after_av_two_third  avia-builder-el-last  flex_column_div av-zero-column-padding '   ><\/div><\/p>\n","protected":false},"excerpt":{"rendered":"","protected":false},"author":1,"featured_media":0,"parent":0,"menu_order":0,"comment_status":"closed","ping_status":"closed","template":"","meta":{"footnotes":""},"class_list":["post-4033","page","type-page","status-publish","hentry"],"_links":{"self":[{"href":"https:\/\/lespetitsfruits.ca\/fr\/wp-json\/wp\/v2\/pages\/4033","targetHints":{"allow":["GET"]}}],"collection":[{"href":"https:\/\/lespetitsfruits.ca\/fr\/wp-json\/wp\/v2\/pages"}],"about":[{"href":"https:\/\/lespetitsfruits.ca\/fr\/wp-json\/wp\/v2\/types\/page"}],"author":[{"embeddable":true,"href":"https:\/\/lespetitsfruits.ca\/fr\/wp-json\/wp\/v2\/users\/1"}],"replies":[{"embeddable":true,"href":"https:\/\/lespetitsfruits.ca\/fr\/wp-json\/wp\/v2\/comments?post=4033"}],"version-history":[{"count":5,"href":"https:\/\/lespetitsfruits.ca\/fr\/wp-json\/wp\/v2\/pages\/4033\/revisions"}],"predecessor-version":[{"id":6582,"href":"https:\/\/lespetitsfruits.ca\/fr\/wp-json\/wp\/v2\/pages\/4033\/revisions\/6582"}],"wp:attachment":[{"href":"https:\/\/lespetitsfruits.ca\/fr\/wp-json\/wp\/v2\/media?parent=4033"}],"curies":[{"name":"wp","href":"https:\/\/api.w.org\/{rel}","templated":true}]}}