{"id":4037,"date":"2017-04-02T03:27:11","date_gmt":"2017-04-02T03:27:11","guid":{"rendered":"http:\/\/nurtureatlantic.ca\/petitsfruits\/?page_id=4037"},"modified":"2017-04-12T20:09:13","modified_gmt":"2017-04-12T20:09:13","slug":"nos-produits","status":"publish","type":"page","link":"https:\/\/lespetitsfruits.ca\/fr\/nos-produits\/","title":{"rendered":"Nos Produits"},"content":{"rendered":"\n<style type=\"text\/css\" data-created_by=\"avia_inline_auto\" id=\"style-css-av-av_one_full-6126cab7d8fab8d08143dd2dacdf673c\">\n.flex_column.av-av_one_full-6126cab7d8fab8d08143dd2dacdf673c{\nborder-radius:0px 0px 0px 0px;\n-webkit-border-radius:0px 0px 0px 0px;\n-moz-border-radius:0px 0px 0px 0px;\n}\n<\/style>\n<div class='flex_column av-av_one_full-6126cab7d8fab8d08143dd2dacdf673c av_one_full  avia-builder-el-0  el_before_av_one_third  avia-builder-el-first  first flex_column_div av-zero-column-padding '   ><section class=\"av_textblock_section \"  itemscope=\"itemscope\" itemtype=\"https:\/\/schema.org\/CreativeWork\" ><div class='avia_textblock  '   itemprop=\"text\" ><p>Les Petits Fruits de Pr\u00e9-d&rsquo;en-Haut sont situ\u00e9s dans la belle vall\u00e9e de Memramcook, tout pr\u00e8s de Moncton au Nouveau-Brunswick, Canada. \u00a0Notre ferme surplombe la majestueuse Baie de Fundy. Ce climat particulier nous permet de r\u00e9colter en abondance des baies, cerises de terre, courges, citrouilles, et choux de Bruxelles. Nous cultivons une grande diversit\u00e9 de petits fruits, dont des fraises, des framboises, des bleuets en corymbe et des groseilles, plant\u00e9s avec soin et attention, garantissant ainsi des fruits de qualit\u00e9 au go\u00fbt succulent.<\/p>\n<p>D\u00e8s le d\u00e9but de juillet, nous accueillons les visiteurs \u00e0 l\u2019autocueillette de fraises, le premier fruit de la saison. \u00a0Les framboises suivent rapidement d\u00e8s la mi-juillet, suivies des bleuets qui sont pr\u00eats \u00e0 r\u00e9colter un peu plus tard, \u00e0 la fin juillet. \u00a0L\u2019autocueillette est une exp\u00e9rience unique, qui vous permet de go\u00fbter les fruits les plus frais en profitant de la vue extraordinaire. \u00a0Ceux qui le pr\u00e9f\u00e8rent peuvent se procurer nos produits \u00e0 notre kiosque \u00e0 la ferme ou chez les d\u00e9taillants de la r\u00e9gion de l\u2019Atlantique du Canada durant toute la saison, ainsi qu\u2019au March\u00e9 de Dieppe.<\/p>\n<p>Notre saison d\u2019autocueillette de citrouilles d\u00e9bute en septembre. Venez passer une belle journ\u00e9e d\u2019automne avec nous! Faites un tour en charrette pour admirer le paysage et vous rendre \u00e0 la plantation de citrouilles o\u00f9 vous choisirez la v\u00f4tre. Ou encore, vous pouvez simplement choisir votre citrouille parmi la grande vari\u00e9t\u00e9 pr\u00e9sent\u00e9e au kiosque de la ferme. Nous avons des citrouilles de toutes grosseurs et de formes vari\u00e9es, parfaites pour votre tarte \u00e0 la citrouille pr\u00e9f\u00e9r\u00e9e ou pour vos d\u00e9corations d\u2019automne!<\/p>\n<p>En plus de nos petits fruits, de nos courges et de nos citrouilles, nous produisons une gamme de confitures et gel\u00e9es, confectionn\u00e9es \u00e0 l&rsquo;Ancienne \u00e0 partir de fruits produits sur notre ferme. Vous pouvez trouver ces d\u00e9licieux produits durant toute la saison dans les supermarch\u00e9s, d\u00e9taillants ind\u00e9pendants, et au March\u00e9 de Dieppe de juillet \u00e0 novembre.<\/p>\n<\/div><\/section><\/div>\n\n<style type=\"text\/css\" data-created_by=\"avia_inline_auto\" id=\"style-css-av-av_one_third-6126cab7d8fab8d08143dd2dacdf673c\">\n.flex_column.av-av_one_third-6126cab7d8fab8d08143dd2dacdf673c{\nborder-radius:0px 0px 0px 0px;\n-webkit-border-radius:0px 0px 0px 0px;\n-moz-border-radius:0px 0px 0px 0px;\n}\n<\/style>\n<div class='flex_column av-av_one_third-6126cab7d8fab8d08143dd2dacdf673c av_one_third  avia-builder-el-2  el_after_av_one_full  el_before_av_one_third  first flex_column_div av-zero-column-padding column-top-margin'   ><style type=\"text\/css\" data-created_by=\"avia_inline_auto\" id=\"style-css-av-av_image-c4abf5c75dba5fd4ed7b41fc74ef2e1e\">\n.avia-image-container.av-av_image-c4abf5c75dba5fd4ed7b41fc74ef2e1e .av-image-caption-overlay-center{\ncolor:#ffffff;\n}\n<\/style>\n<div  class='avia-image-container av-av_image-c4abf5c75dba5fd4ed7b41fc74ef2e1e av-styling- avia-align-center  avia-builder-el-3  avia-builder-el-no-sibling  '  itemprop=\"image\" itemscope=\"itemscope\" itemtype=\"https:\/\/schema.org\/ImageObject\" ><div class=\"avia-image-container-inner\"><div class=\"avia-image-overlay-wrap\"><a href=\"https:\/\/lespetitsfruits.ca\/fr\/nos-produits\/petits-fruits\/\" class='avia_image' ><img decoding=\"async\" width=\"350\" height=\"250\" class='wp-image-4750 avia-img-lazy-loading-not-4750 avia_image' src=\"https:\/\/lespetitsfruits.ca\/wp-content\/uploads\/2017\/04\/Buttons-350x250_Fruit-2_FR.jpg\" alt='' title=''  itemprop=\"thumbnailUrl\" srcset=\"https:\/\/lespetitsfruits.ca\/wp-content\/uploads\/2017\/04\/Buttons-350x250_Fruit-2_FR.jpg 350w, https:\/\/lespetitsfruits.ca\/wp-content\/uploads\/2017\/04\/Buttons-350x250_Fruit-2_FR-300x214.jpg 300w, https:\/\/lespetitsfruits.ca\/wp-content\/uploads\/2017\/04\/Buttons-350x250_Fruit-2_FR-150x107.jpg 150w, https:\/\/lespetitsfruits.ca\/wp-content\/uploads\/2017\/04\/Buttons-350x250_Fruit-2_FR-260x185.jpg 260w, https:\/\/lespetitsfruits.ca\/wp-content\/uploads\/2017\/04\/Buttons-350x250_Fruit-2_FR-220x157.jpg 220w\" sizes=\"(max-width: 350px) 100vw, 350px\" \/><\/a><\/div><\/div><\/div><\/div>\n<style type=\"text\/css\" data-created_by=\"avia_inline_auto\" id=\"style-css-av-av_one_third-0aa7055fe62c3622faec82866afbaeb2\">\n.flex_column.av-av_one_third-0aa7055fe62c3622faec82866afbaeb2{\nborder-radius:0px 0px 0px 0px;\n-webkit-border-radius:0px 0px 0px 0px;\n-moz-border-radius:0px 0px 0px 0px;\n}\n<\/style>\n<div class='flex_column av-av_one_third-0aa7055fe62c3622faec82866afbaeb2 av_one_third  avia-builder-el-4  el_after_av_one_third  el_before_av_one_third  flex_column_div av-zero-column-padding column-top-margin'   ><style type=\"text\/css\" data-created_by=\"avia_inline_auto\" id=\"style-css-av-av_image-4c1ae8e395eb6a4434f18a9396469973\">\n.avia-image-container.av-av_image-4c1ae8e395eb6a4434f18a9396469973 .av-image-caption-overlay-center{\ncolor:#ffffff;\n}\n<\/style>\n<div  class='avia-image-container av-av_image-4c1ae8e395eb6a4434f18a9396469973 av-styling- avia-align-center  avia-builder-el-5  avia-builder-el-no-sibling  '  itemprop=\"image\" itemscope=\"itemscope\" itemtype=\"https:\/\/schema.org\/ImageObject\" ><div class=\"avia-image-container-inner\"><div class=\"avia-image-overlay-wrap\"><a href=\"https:\/\/lespetitsfruits.ca\/fr\/nos-produits\/legumes\/\" class='avia_image' ><img decoding=\"async\" width=\"350\" height=\"250\" class='wp-image-4191 avia-img-lazy-loading-not-4191 avia_image' src=\"https:\/\/lespetitsfruits.ca\/wp-content\/uploads\/2017\/04\/Buttons-350x250_Veg_FR.jpg\" alt='' title=''  itemprop=\"thumbnailUrl\" srcset=\"https:\/\/lespetitsfruits.ca\/wp-content\/uploads\/2017\/04\/Buttons-350x250_Veg_FR.jpg 350w, https:\/\/lespetitsfruits.ca\/wp-content\/uploads\/2017\/04\/Buttons-350x250_Veg_FR-300x214.jpg 300w, https:\/\/lespetitsfruits.ca\/wp-content\/uploads\/2017\/04\/Buttons-350x250_Veg_FR-150x107.jpg 150w, https:\/\/lespetitsfruits.ca\/wp-content\/uploads\/2017\/04\/Buttons-350x250_Veg_FR-260x185.jpg 260w, https:\/\/lespetitsfruits.ca\/wp-content\/uploads\/2017\/04\/Buttons-350x250_Veg_FR-220x157.jpg 220w\" sizes=\"(max-width: 350px) 100vw, 350px\" \/><\/a><\/div><\/div><\/div><\/div><\/p>\n\n<style type=\"text\/css\" data-created_by=\"avia_inline_auto\" id=\"style-css-av-av_one_third-0aa7055fe62c3622faec82866afbaeb2\">\n.flex_column.av-av_one_third-0aa7055fe62c3622faec82866afbaeb2{\nborder-radius:0px 0px 0px 0px;\n-webkit-border-radius:0px 0px 0px 0px;\n-moz-border-radius:0px 0px 0px 0px;\n}\n<\/style>\n<div class='flex_column av-av_one_third-0aa7055fe62c3622faec82866afbaeb2 av_one_third  avia-builder-el-6  el_after_av_one_third  avia-builder-el-last  flex_column_div av-zero-column-padding column-top-margin'   ><style type=\"text\/css\" data-created_by=\"avia_inline_auto\" id=\"style-css-av-av_image-57c605f21f5b70fe2808804e088ed479\">\n.avia-image-container.av-av_image-57c605f21f5b70fe2808804e088ed479 .av-image-caption-overlay-center{\ncolor:#ffffff;\n}\n<\/style>\n<div  class='avia-image-container av-av_image-57c605f21f5b70fe2808804e088ed479 av-styling- avia-align-center  avia-builder-el-7  avia-builder-el-no-sibling  '  itemprop=\"image\" itemscope=\"itemscope\" itemtype=\"https:\/\/schema.org\/ImageObject\" ><div class=\"avia-image-container-inner\"><div class=\"avia-image-overlay-wrap\"><a href=\"https:\/\/lespetitsfruits.ca\/fr\/nos-produits\/confitures\/\" class='avia_image' ><img decoding=\"async\" width=\"350\" height=\"250\" class='wp-image-4325 avia-img-lazy-loading-not-4325 avia_image' src=\"https:\/\/lespetitsfruits.ca\/wp-content\/uploads\/2017\/04\/Buttons-350x250_Jams_FR-1.jpg\" alt='' title=''  itemprop=\"thumbnailUrl\" srcset=\"https:\/\/lespetitsfruits.ca\/wp-content\/uploads\/2017\/04\/Buttons-350x250_Jams_FR-1.jpg 350w, https:\/\/lespetitsfruits.ca\/wp-content\/uploads\/2017\/04\/Buttons-350x250_Jams_FR-1-300x214.jpg 300w, https:\/\/lespetitsfruits.ca\/wp-content\/uploads\/2017\/04\/Buttons-350x250_Jams_FR-1-150x107.jpg 150w, https:\/\/lespetitsfruits.ca\/wp-content\/uploads\/2017\/04\/Buttons-350x250_Jams_FR-1-260x185.jpg 260w, https:\/\/lespetitsfruits.ca\/wp-content\/uploads\/2017\/04\/Buttons-350x250_Jams_FR-1-220x157.jpg 220w\" sizes=\"(max-width: 350px) 100vw, 350px\" \/><\/a><\/div><\/div><\/div><\/div>\n","protected":false},"excerpt":{"rendered":"","protected":false},"author":1,"featured_media":0,"parent":0,"menu_order":0,"comment_status":"closed","ping_status":"closed","template":"","meta":{"footnotes":""},"class_list":["post-4037","page","type-page","status-publish","hentry"],"_links":{"self":[{"href":"https:\/\/lespetitsfruits.ca\/fr\/wp-json\/wp\/v2\/pages\/4037","targetHints":{"allow":["GET"]}}],"collection":[{"href":"https:\/\/lespetitsfruits.ca\/fr\/wp-json\/wp\/v2\/pages"}],"about":[{"href":"https:\/\/lespetitsfruits.ca\/fr\/wp-json\/wp\/v2\/types\/page"}],"author":[{"embeddable":true,"href":"https:\/\/lespetitsfruits.ca\/fr\/wp-json\/wp\/v2\/users\/1"}],"replies":[{"embeddable":true,"href":"https:\/\/lespetitsfruits.ca\/fr\/wp-json\/wp\/v2\/comments?post=4037"}],"version-history":[{"count":6,"href":"https:\/\/lespetitsfruits.ca\/fr\/wp-json\/wp\/v2\/pages\/4037\/revisions"}],"predecessor-version":[{"id":4926,"href":"https:\/\/lespetitsfruits.ca\/fr\/wp-json\/wp\/v2\/pages\/4037\/revisions\/4926"}],"wp:attachment":[{"href":"https:\/\/lespetitsfruits.ca\/fr\/wp-json\/wp\/v2\/media?parent=4037"}],"curies":[{"name":"wp","href":"https:\/\/api.w.org\/{rel}","templated":true}]}}