{"id":4039,"date":"2017-04-02T03:29:38","date_gmt":"2017-04-02T03:29:38","guid":{"rendered":"http:\/\/nurtureatlantic.ca\/petitsfruits\/?page_id=4039"},"modified":"2017-04-02T03:29:38","modified_gmt":"2017-04-02T03:29:38","slug":"petits-fruits","status":"publish","type":"page","link":"https:\/\/lespetitsfruits.ca\/fr\/nos-produits\/petits-fruits\/","title":{"rendered":"Petits fruits"},"content":{"rendered":"\n<style type=\"text\/css\" data-created_by=\"avia_inline_auto\" id=\"style-css-av-av_two_third-6126cab7d8fab8d08143dd2dacdf673c\">\n.flex_column.av-av_two_third-6126cab7d8fab8d08143dd2dacdf673c{\nborder-radius:0px 0px 0px 0px;\n-webkit-border-radius:0px 0px 0px 0px;\n-moz-border-radius:0px 0px 0px 0px;\n}\n<\/style>\n<div class='flex_column av-av_two_third-6126cab7d8fab8d08143dd2dacdf673c av_two_third  avia-builder-el-0  el_before_av_one_third  avia-builder-el-first  first flex_column_div av-zero-column-padding '   ><section class=\"av_textblock_section \"  itemscope=\"itemscope\" itemtype=\"https:\/\/schema.org\/CreativeWork\" ><div class='avia_textblock  '   itemprop=\"text\" ><p>A la ferme de Pr\u00e9-d\u2019en-Haut, nous avons la passion des petits fruits, et nous sommes fiers d\u2019offrir \u00e0 vous et votre famille des fraises, des framboises, des bleuets et des groseilles fra\u00eeches, succulentes et de qualit\u00e9.<\/p>\n<p>Les petits fruits sont bons pour la sant\u00e9 et nutritifs. Que vous choisissiez de les d\u00e9guster frais avec vos c\u00e9r\u00e9ales du matin, incorpor\u00e9s dans un smoothie, ou encore dans vos cr\u00eapes ou muffins, pour un dessert ou avec votre repas principal, les petits fruits sont un excellent choix \u00e0 tout moment de la journ\u00e9e.<\/p>\n<p>Durant la saison, vous pouvez vous procurer nos d\u00e9licieux petits fruits dans les supermarch\u00e9s des Maritimes, dans les march\u00e9s publics ainsi qu\u2019\u00e0 notre ferme, en autocueillette ou \u00e0 notre kiosque. Nous sommes aussi au March\u00e9 de Dieppe, \u00e0 chaque samedi. Nous vous invitons \u00e0 nous rendre visite pour vos besoins en fruits frais.<\/p>\n<\/div><\/section><\/div>\n<style type=\"text\/css\" data-created_by=\"avia_inline_auto\" id=\"style-css-av-av_one_third-0aa7055fe62c3622faec82866afbaeb2\">\n.flex_column.av-av_one_third-0aa7055fe62c3622faec82866afbaeb2{\nborder-radius:0px 0px 0px 0px;\n-webkit-border-radius:0px 0px 0px 0px;\n-moz-border-radius:0px 0px 0px 0px;\n}\n<\/style>\n<div class='flex_column av-av_one_third-0aa7055fe62c3622faec82866afbaeb2 av_one_third  avia-builder-el-2  el_after_av_two_third  avia-builder-el-last  flex_column_div av-zero-column-padding '   ><\/div><\/p>\n","protected":false},"excerpt":{"rendered":"","protected":false},"author":1,"featured_media":0,"parent":4037,"menu_order":0,"comment_status":"closed","ping_status":"closed","template":"","meta":{"footnotes":""},"class_list":["post-4039","page","type-page","status-publish","hentry"],"_links":{"self":[{"href":"https:\/\/lespetitsfruits.ca\/fr\/wp-json\/wp\/v2\/pages\/4039","targetHints":{"allow":["GET"]}}],"collection":[{"href":"https:\/\/lespetitsfruits.ca\/fr\/wp-json\/wp\/v2\/pages"}],"about":[{"href":"https:\/\/lespetitsfruits.ca\/fr\/wp-json\/wp\/v2\/types\/page"}],"author":[{"embeddable":true,"href":"https:\/\/lespetitsfruits.ca\/fr\/wp-json\/wp\/v2\/users\/1"}],"replies":[{"embeddable":true,"href":"https:\/\/lespetitsfruits.ca\/fr\/wp-json\/wp\/v2\/comments?post=4039"}],"version-history":[{"count":1,"href":"https:\/\/lespetitsfruits.ca\/fr\/wp-json\/wp\/v2\/pages\/4039\/revisions"}],"predecessor-version":[{"id":4040,"href":"https:\/\/lespetitsfruits.ca\/fr\/wp-json\/wp\/v2\/pages\/4039\/revisions\/4040"}],"up":[{"embeddable":true,"href":"https:\/\/lespetitsfruits.ca\/fr\/wp-json\/wp\/v2\/pages\/4037"}],"wp:attachment":[{"href":"https:\/\/lespetitsfruits.ca\/fr\/wp-json\/wp\/v2\/media?parent=4039"}],"curies":[{"name":"wp","href":"https:\/\/api.w.org\/{rel}","templated":true}]}}