{"id":4057,"date":"2017-04-02T03:51:56","date_gmt":"2017-04-02T03:51:56","guid":{"rendered":"http:\/\/nurtureatlantic.ca\/petitsfruits\/?page_id=4057"},"modified":"2017-12-08T03:03:31","modified_gmt":"2017-12-08T03:03:31","slug":"confitures-de-fraises-a-lancienne-valeur-nutritive","status":"publish","type":"page","link":"https:\/\/lespetitsfruits.ca\/fr\/nos-produits\/confitures\/confitures-de-fraises-a-lancienne-valeur-nutritive\/","title":{"rendered":"Confiture de fraises \u00e0 l&rsquo;ancienne &#8211; Valeur nutritive"},"content":{"rendered":"\n<style type=\"text\/css\" data-created_by=\"avia_inline_auto\" id=\"style-css-av-av_one_half-6126cab7d8fab8d08143dd2dacdf673c\">\n.flex_column.av-av_one_half-6126cab7d8fab8d08143dd2dacdf673c{\nborder-radius:0px 0px 0px 0px;\n-webkit-border-radius:0px 0px 0px 0px;\n-moz-border-radius:0px 0px 0px 0px;\n}\n<\/style>\n<div class='flex_column av-av_one_half-6126cab7d8fab8d08143dd2dacdf673c av_one_half  avia-builder-el-0  el_before_av_one_half  avia-builder-el-first  first flex_column_div av-zero-column-padding '   ><p><section class=\"av_textblock_section \"  itemscope=\"itemscope\" itemtype=\"https:\/\/schema.org\/CreativeWork\" ><div class='avia_textblock  '   itemprop=\"text\" ><p>Notre d\u00e9licieuse confiture de fraises est faite avec nos propres fraises, choisies lorsqu\u2019elles sont parfaitement m\u00fbres, pour un go\u00fbt doux et sup\u00e9rieur. Chaque lot est fabriqu\u00e9 \u00e0 la main dans notre cuisine de ferme, en utilisant des techniques traditionnelles et des ingr\u00e9dients naturels seulement.<\/p>\n<p><strong>Ingr\u00e9dients:<\/strong> Fraises, sucre, pommes, jus de citron, pectine.<\/p>\n<\/div><\/section><br \/>\n\n<style type=\"text\/css\" data-created_by=\"avia_inline_auto\" id=\"style-css-av-av_hr-0688d0b0b6ed2f8b057db7a8270206df\">\n#top .hr.hr-invisible.av-av_hr-0688d0b0b6ed2f8b057db7a8270206df{\nheight:50px;\n}\n<\/style>\n<div  class='hr av-av_hr-0688d0b0b6ed2f8b057db7a8270206df hr-invisible  avia-builder-el-2  el_after_av_textblock  el_before_av_image  '><span class='hr-inner '><span class=\"hr-inner-style\"><\/span><\/span><\/div><br \/>\n\n<style type=\"text\/css\" data-created_by=\"avia_inline_auto\" id=\"style-css-av-av_image-c4d0a03d79d286160e60a42dbe970659\">\n.avia-image-container.av-av_image-c4d0a03d79d286160e60a42dbe970659 .av-image-caption-overlay-center{\ncolor:#ffffff;\n}\n<\/style>\n<div  class='avia-image-container av-av_image-c4d0a03d79d286160e60a42dbe970659 av-styling- avia-align-center  avia-builder-el-3  el_after_av_hr  el_before_av_hr  '  itemprop=\"image\" itemscope=\"itemscope\" itemtype=\"https:\/\/schema.org\/ImageObject\" ><div class=\"avia-image-container-inner\"><div class=\"avia-image-overlay-wrap\"><img decoding=\"async\" class='wp-image-5278 avia-img-lazy-loading-not-5278 avia_image' src=\"https:\/\/lespetitsfruits.ca\/wp-content\/uploads\/2017\/02\/petits-fruits-jam-old-fashion-strawberry-jam-220x251-1.png\" alt='Confiture de fraises \u00e0 l\u2019ancienne' title=''  height=\"251\" width=\"220\"  itemprop=\"thumbnailUrl\" srcset=\"https:\/\/lespetitsfruits.ca\/wp-content\/uploads\/2017\/02\/petits-fruits-jam-old-fashion-strawberry-jam-220x251-1.png 220w, https:\/\/lespetitsfruits.ca\/wp-content\/uploads\/2017\/02\/petits-fruits-jam-old-fashion-strawberry-jam-220x251-1-150x171.png 150w\" sizes=\"(max-width: 220px) 100vw, 220px\" \/><\/div><\/div><\/div><br \/>\n<\/p><\/div>\n<style type=\"text\/css\" data-created_by=\"avia_inline_auto\" id=\"style-css-av-av_one_half-0aa7055fe62c3622faec82866afbaeb2\">\n.flex_column.av-av_one_half-0aa7055fe62c3622faec82866afbaeb2{\nborder-radius:0px 0px 0px 0px;\n-webkit-border-radius:0px 0px 0px 0px;\n-moz-border-radius:0px 0px 0px 0px;\n}\n<\/style>\n<div class='flex_column av-av_one_half-0aa7055fe62c3622faec82866afbaeb2 av_one_half flex_column_div av-zero-column-padding '   ><style type=\"text\/css\" data-created_by=\"avia_inline_auto\" id=\"style-css-av-av_image-acf1dac9699e6cb5d4ef63d3d825f57a\">\n.avia-image-container.av-av_image-acf1dac9699e6cb5d4ef63d3d825f57a .av-image-caption-overlay-center{\ncolor:#ffffff;\n}\n<\/style>\n<div  class='avia-image-container av-av_image-acf1dac9699e6cb5d4ef63d3d825f57a av-styling- avia-align-center '  itemprop=\"image\" itemscope=\"itemscope\" itemtype=\"https:\/\/schema.org\/ImageObject\" ><div class=\"avia-image-container-inner\"><div class=\"avia-image-overlay-wrap\"><img decoding=\"async\" class='wp-image-3791 avia-img-lazy-loading-not-3791 avia_image' src=\"https:\/\/lespetitsfruits.ca\/wp-content\/uploads\/2017\/04\/7-Strawberry_NFT.jpg\" alt='' title=''  height=\"658\" width=\"320\"  itemprop=\"thumbnailUrl\" srcset=\"https:\/\/lespetitsfruits.ca\/wp-content\/uploads\/2017\/04\/7-Strawberry_NFT.jpg 320w, https:\/\/lespetitsfruits.ca\/wp-content\/uploads\/2017\/04\/7-Strawberry_NFT-146x300.jpg 146w, https:\/\/lespetitsfruits.ca\/wp-content\/uploads\/2017\/04\/7-Strawberry_NFT-150x308.jpg 150w, https:\/\/lespetitsfruits.ca\/wp-content\/uploads\/2017\/04\/7-Strawberry_NFT-122x251.jpg 122w\" sizes=\"(max-width: 320px) 100vw, 320px\" \/><\/div><\/div><\/div><\/div><\/p>\n","protected":false},"excerpt":{"rendered":"","protected":false},"author":1,"featured_media":0,"parent":4043,"menu_order":0,"comment_status":"closed","ping_status":"closed","template":"","meta":{"footnotes":""},"class_list":["post-4057","page","type-page","status-publish","hentry"],"_links":{"self":[{"href":"https:\/\/lespetitsfruits.ca\/fr\/wp-json\/wp\/v2\/pages\/4057","targetHints":{"allow":["GET"]}}],"collection":[{"href":"https:\/\/lespetitsfruits.ca\/fr\/wp-json\/wp\/v2\/pages"}],"about":[{"href":"https:\/\/lespetitsfruits.ca\/fr\/wp-json\/wp\/v2\/types\/page"}],"author":[{"embeddable":true,"href":"https:\/\/lespetitsfruits.ca\/fr\/wp-json\/wp\/v2\/users\/1"}],"replies":[{"embeddable":true,"href":"https:\/\/lespetitsfruits.ca\/fr\/wp-json\/wp\/v2\/comments?post=4057"}],"version-history":[{"count":5,"href":"https:\/\/lespetitsfruits.ca\/fr\/wp-json\/wp\/v2\/pages\/4057\/revisions"}],"predecessor-version":[{"id":5519,"href":"https:\/\/lespetitsfruits.ca\/fr\/wp-json\/wp\/v2\/pages\/4057\/revisions\/5519"}],"up":[{"embeddable":true,"href":"https:\/\/lespetitsfruits.ca\/fr\/wp-json\/wp\/v2\/pages\/4043"}],"wp:attachment":[{"href":"https:\/\/lespetitsfruits.ca\/fr\/wp-json\/wp\/v2\/media?parent=4057"}],"curies":[{"name":"wp","href":"https:\/\/api.w.org\/{rel}","templated":true}]}}