{"id":4060,"date":"2017-04-02T04:01:54","date_gmt":"2017-04-02T04:01:54","guid":{"rendered":"http:\/\/nurtureatlantic.ca\/petitsfruits\/?page_id=4060"},"modified":"2017-12-08T03:05:12","modified_gmt":"2017-12-08T03:05:12","slug":"confitures-de-framboises-valeur-nutritive","status":"publish","type":"page","link":"https:\/\/lespetitsfruits.ca\/fr\/nos-produits\/confitures\/confitures-de-framboises-valeur-nutritive\/","title":{"rendered":"Confiture de framboises &#8211; Valeur nutritive"},"content":{"rendered":"\n<style type=\"text\/css\" data-created_by=\"avia_inline_auto\" id=\"style-css-av-av_one_half-6126cab7d8fab8d08143dd2dacdf673c\">\n.flex_column.av-av_one_half-6126cab7d8fab8d08143dd2dacdf673c{\nborder-radius:0px 0px 0px 0px;\n-webkit-border-radius:0px 0px 0px 0px;\n-moz-border-radius:0px 0px 0px 0px;\n}\n<\/style>\n<div class='flex_column av-av_one_half-6126cab7d8fab8d08143dd2dacdf673c av_one_half  avia-builder-el-0  el_before_av_one_half  avia-builder-el-first  first flex_column_div av-zero-column-padding '   ><p><section class=\"av_textblock_section \"  itemscope=\"itemscope\" itemtype=\"https:\/\/schema.org\/CreativeWork\" ><div class='avia_textblock  '   itemprop=\"text\" ><p>Notre d\u00e9licieuse confiture de framboise est une favorite bien aim\u00e9e, faite avec des framboises d\u00e9licates, cultiv\u00e9es avec beaucoup de soin, ici \u00e0 la ferme. Chaque lot est fabriqu\u00e9 \u00e0 la main dans notre cuisine de ferme, en utilisant des techniques traditionnelles et des ingr\u00e9dients naturels seulement.<\/p>\n<p><strong>Ingr\u00e9dients:<\/strong> Framboises, sucre, jus de citron, pectine.<\/p>\n<\/div><\/section><br \/>\n\n<style type=\"text\/css\" data-created_by=\"avia_inline_auto\" id=\"style-css-av-av_hr-0688d0b0b6ed2f8b057db7a8270206df\">\n#top .hr.hr-invisible.av-av_hr-0688d0b0b6ed2f8b057db7a8270206df{\nheight:50px;\n}\n<\/style>\n<div  class='hr av-av_hr-0688d0b0b6ed2f8b057db7a8270206df hr-invisible  avia-builder-el-2  el_after_av_textblock  el_before_av_image  '><span class='hr-inner '><span class=\"hr-inner-style\"><\/span><\/span><\/div><br \/>\n\n<style type=\"text\/css\" data-created_by=\"avia_inline_auto\" id=\"style-css-av-av_image-f2c2cbf11b298089533049b22f157fa4\">\n.avia-image-container.av-av_image-f2c2cbf11b298089533049b22f157fa4 .av-image-caption-overlay-center{\ncolor:#ffffff;\n}\n<\/style>\n<div  class='avia-image-container av-av_image-f2c2cbf11b298089533049b22f157fa4 av-styling- avia-align-center  avia-builder-el-3  el_after_av_hr  el_before_av_hr  '  itemprop=\"image\" itemscope=\"itemscope\" itemtype=\"https:\/\/schema.org\/ImageObject\" ><div class=\"avia-image-container-inner\"><div class=\"avia-image-overlay-wrap\"><img decoding=\"async\" class='wp-image-5282 avia-img-lazy-loading-not-5282 avia_image' src=\"https:\/\/lespetitsfruits.ca\/wp-content\/uploads\/2017\/02\/petits-fruits-jam-raspberry-jam-220x251-1.png\" alt='Confiture de framboises' title=''  height=\"251\" width=\"220\"  itemprop=\"thumbnailUrl\" srcset=\"https:\/\/lespetitsfruits.ca\/wp-content\/uploads\/2017\/02\/petits-fruits-jam-raspberry-jam-220x251-1.png 220w, https:\/\/lespetitsfruits.ca\/wp-content\/uploads\/2017\/02\/petits-fruits-jam-raspberry-jam-220x251-1-150x171.png 150w\" sizes=\"(max-width: 220px) 100vw, 220px\" \/><\/div><\/div><\/div><br \/>\n\n<style type=\"text\/css\" data-created_by=\"avia_inline_auto\" id=\"style-css-av-av_hr-0688d0b0b6ed2f8b057db7a8270206df\">\n#top .hr.hr-invisible.av-av_hr-0688d0b0b6ed2f8b057db7a8270206df{\nheight:50px;\n}\n<\/style>\n<div  class='hr av-av_hr-0688d0b0b6ed2f8b057db7a8270206df hr-invisible  avia-builder-el-4  el_after_av_image  el_before_av_codeblock  '><span class='hr-inner '><span class=\"hr-inner-style\"><\/span><\/span><\/div><br \/>\n<\/p><\/div>\n<style type=\"text\/css\" data-created_by=\"avia_inline_auto\" id=\"style-css-av-av_one_half-0aa7055fe62c3622faec82866afbaeb2\">\n.flex_column.av-av_one_half-0aa7055fe62c3622faec82866afbaeb2{\nborder-radius:0px 0px 0px 0px;\n-webkit-border-radius:0px 0px 0px 0px;\n-moz-border-radius:0px 0px 0px 0px;\n}\n<\/style>\n<div class='flex_column av-av_one_half-0aa7055fe62c3622faec82866afbaeb2 av_one_half  avia-builder-el-6  el_after_av_one_half  avia-builder-el-last  flex_column_div av-zero-column-padding '   ><style type=\"text\/css\" data-created_by=\"avia_inline_auto\" id=\"style-css-av-av_image-466268da8022f568f0ff7ce02722186d\">\n.avia-image-container.av-av_image-466268da8022f568f0ff7ce02722186d .av-image-caption-overlay-center{\ncolor:#ffffff;\n}\n<\/style>\n<div  class='avia-image-container av-av_image-466268da8022f568f0ff7ce02722186d av-styling- avia-align-center  avia-builder-el-7  avia-builder-el-no-sibling  '  itemprop=\"image\" itemscope=\"itemscope\" itemtype=\"https:\/\/schema.org\/ImageObject\" ><div class=\"avia-image-container-inner\"><div class=\"avia-image-overlay-wrap\"><img decoding=\"async\" class='wp-image-3789 avia-img-lazy-loading-not-3789 avia_image' src=\"https:\/\/lespetitsfruits.ca\/wp-content\/uploads\/2017\/04\/5-Raspberry_NFT.jpg\" alt='' title=''  height=\"658\" width=\"320\"  itemprop=\"thumbnailUrl\" srcset=\"https:\/\/lespetitsfruits.ca\/wp-content\/uploads\/2017\/04\/5-Raspberry_NFT.jpg 320w, https:\/\/lespetitsfruits.ca\/wp-content\/uploads\/2017\/04\/5-Raspberry_NFT-146x300.jpg 146w, https:\/\/lespetitsfruits.ca\/wp-content\/uploads\/2017\/04\/5-Raspberry_NFT-150x308.jpg 150w, https:\/\/lespetitsfruits.ca\/wp-content\/uploads\/2017\/04\/5-Raspberry_NFT-122x251.jpg 122w\" sizes=\"(max-width: 320px) 100vw, 320px\" \/><\/div><\/div><\/div><\/div><\/p>\n","protected":false},"excerpt":{"rendered":"","protected":false},"author":1,"featured_media":0,"parent":4043,"menu_order":0,"comment_status":"closed","ping_status":"closed","template":"","meta":{"footnotes":""},"class_list":["post-4060","page","type-page","status-publish","hentry"],"_links":{"self":[{"href":"https:\/\/lespetitsfruits.ca\/fr\/wp-json\/wp\/v2\/pages\/4060","targetHints":{"allow":["GET"]}}],"collection":[{"href":"https:\/\/lespetitsfruits.ca\/fr\/wp-json\/wp\/v2\/pages"}],"about":[{"href":"https:\/\/lespetitsfruits.ca\/fr\/wp-json\/wp\/v2\/types\/page"}],"author":[{"embeddable":true,"href":"https:\/\/lespetitsfruits.ca\/fr\/wp-json\/wp\/v2\/users\/1"}],"replies":[{"embeddable":true,"href":"https:\/\/lespetitsfruits.ca\/fr\/wp-json\/wp\/v2\/comments?post=4060"}],"version-history":[{"count":5,"href":"https:\/\/lespetitsfruits.ca\/fr\/wp-json\/wp\/v2\/pages\/4060\/revisions"}],"predecessor-version":[{"id":5800,"href":"https:\/\/lespetitsfruits.ca\/fr\/wp-json\/wp\/v2\/pages\/4060\/revisions\/5800"}],"up":[{"embeddable":true,"href":"https:\/\/lespetitsfruits.ca\/fr\/wp-json\/wp\/v2\/pages\/4043"}],"wp:attachment":[{"href":"https:\/\/lespetitsfruits.ca\/fr\/wp-json\/wp\/v2\/media?parent=4060"}],"curies":[{"name":"wp","href":"https:\/\/api.w.org\/{rel}","templated":true}]}}