{"id":4120,"date":"2017-04-02T04:39:02","date_gmt":"2017-04-02T04:39:02","guid":{"rendered":"http:\/\/nurtureatlantic.ca\/petitsfruits\/?page_id=4120"},"modified":"2017-04-02T23:02:17","modified_gmt":"2017-04-02T23:02:17","slug":"qualite","status":"publish","type":"page","link":"https:\/\/lespetitsfruits.ca\/fr\/qualite\/","title":{"rendered":"Qualit\u00e9"},"content":{"rendered":"\n<style type=\"text\/css\" data-created_by=\"avia_inline_auto\" id=\"style-css-av-av_two_third-6126cab7d8fab8d08143dd2dacdf673c\">\n.flex_column.av-av_two_third-6126cab7d8fab8d08143dd2dacdf673c{\nborder-radius:0px 0px 0px 0px;\n-webkit-border-radius:0px 0px 0px 0px;\n-moz-border-radius:0px 0px 0px 0px;\n}\n<\/style>\n<div class='flex_column av-av_two_third-6126cab7d8fab8d08143dd2dacdf673c av_two_third  avia-builder-el-0  el_before_av_one_third  avia-builder-el-first  first flex_column_div av-zero-column-padding '   ><section class=\"av_textblock_section \"  itemscope=\"itemscope\" itemtype=\"https:\/\/schema.org\/CreativeWork\" ><div class='avia_textblock  '   itemprop=\"text\" ><p>Les Petits Fruits de Pr\u00e9-d&rsquo;en-haut est fi\u00e8re d\u2019avoir obtenu la certification du programme CanadaGAP, le programme de certification nationale de salubrit\u00e9 des aliments pour les fournisseurs de fruits et l\u00e9gumes frais au Canada.<\/p>\n<p>En r\u00e9pondant aux exigences du programme CanadaGAP, la client\u00e8le peut se fier sur le fait qu&rsquo;une autorit\u00e9 comp\u00e9tente a d\u00e9termin\u00e9 que l\u2019entreprise a des pratiques de salubrit\u00e9 des aliments qui sont ad\u00e9quates et r\u00e9guli\u00e8rement mises \u00e0 jour. \u00a0CanadaGAP certifie entre autres que nous avons instaur\u00e9 et maintenons un syst\u00e8me de proc\u00e9dures pour r\u00e9duire le risque de contamination des produits, de bonnes pratiques agricoles (BPA) et un programme de salubrit\u00e9 des aliments efficace. \u00a0Afin de maintenir cette certification, notre ferme et nos pratiques sont inspect\u00e9s sur une base r\u00e9guli\u00e8re.<\/p>\n<p>CanadaGAP, d\u00e9velopp\u00e9 par le Conseil canadien de l\u2019horticulture, est le premier programme canadien de salubrit\u00e9 des aliments a avoir obtenu une reconnaissance internationale issue par l&rsquo;Initiative mondiale pour la s\u00e9curit\u00e9 alimentaire (IMSA).<\/p>\n<\/div><\/section><\/div>\n\n<style type=\"text\/css\" data-created_by=\"avia_inline_auto\" id=\"style-css-av-av_one_third-0aa7055fe62c3622faec82866afbaeb2\">\n.flex_column.av-av_one_third-0aa7055fe62c3622faec82866afbaeb2{\nborder-radius:0px 0px 0px 0px;\n-webkit-border-radius:0px 0px 0px 0px;\n-moz-border-radius:0px 0px 0px 0px;\n}\n<\/style>\n<div class='flex_column av-av_one_third-0aa7055fe62c3622faec82866afbaeb2 av_one_third  avia-builder-el-2  el_after_av_two_third  avia-builder-el-last  flex_column_div av-zero-column-padding '   ><p>\n<style type=\"text\/css\" data-created_by=\"avia_inline_auto\" id=\"style-css-av-av_image-58034b4426a4aceb772ca69147b96185\">\n.avia-image-container.av-av_image-58034b4426a4aceb772ca69147b96185 .av-image-caption-overlay-center{\ncolor:#ffffff;\n}\n<\/style>\n<div  class='avia-image-container av-av_image-58034b4426a4aceb772ca69147b96185 av-styling- avia-align-center  avia-builder-el-3  el_before_av_hr  avia-builder-el-first  '  itemprop=\"image\" itemscope=\"itemscope\" itemtype=\"https:\/\/schema.org\/ImageObject\" ><div class=\"avia-image-container-inner\"><div class=\"avia-image-overlay-wrap\"><img decoding=\"async\" class='wp-image-4374 avia-img-lazy-loading-not-4374 avia_image' src=\"https:\/\/lespetitsfruits.ca\/wp-content\/uploads\/2017\/04\/Button-Quality_FR-1.jpg\" alt='' title=''  height=\"160\" width=\"250\"  itemprop=\"thumbnailUrl\" srcset=\"https:\/\/lespetitsfruits.ca\/wp-content\/uploads\/2017\/04\/Button-Quality_FR-1.jpg 250w, https:\/\/lespetitsfruits.ca\/wp-content\/uploads\/2017\/04\/Button-Quality_FR-1-150x96.jpg 150w, https:\/\/lespetitsfruits.ca\/wp-content\/uploads\/2017\/04\/Button-Quality_FR-1-220x141.jpg 220w\" sizes=\"(max-width: 250px) 100vw, 250px\" \/><\/div><\/div><\/div><br \/>\n<div  class='hr av-av_hr-dcd2069817a0e3d34ae04cad8f3443c7 hr-default  avia-builder-el-4  el_after_av_image  el_before_av_textblock  '><span class='hr-inner '><span class=\"hr-inner-style\"><\/span><\/span><\/div><br \/>\n<section class=\"av_textblock_section \"  itemscope=\"itemscope\" itemtype=\"https:\/\/schema.org\/CreativeWork\" ><div class='avia_textblock  '   itemprop=\"text\" ><p><a href=\"http:\/\/www.hortcouncil.ca\/fr\/\" target=\"_blank\" rel=\"noopener\">Conseil canadien de l\u2019horticulture<\/a><\/p>\n<p><a href=\"http:\/\/www.canadagap.ca\/fr\/bienvenue-aux-canadagap\/\" target=\"_blank\" rel=\"noopener\">CanadaGAP Salubrit\u00e9 des fruits et l\u00e9gumes frais<\/a><\/p>\n<\/div><\/section><\/p><\/div>\n","protected":false},"excerpt":{"rendered":"","protected":false},"author":1,"featured_media":0,"parent":0,"menu_order":0,"comment_status":"closed","ping_status":"closed","template":"","meta":{"footnotes":""},"class_list":["post-4120","page","type-page","status-publish","hentry"],"_links":{"self":[{"href":"https:\/\/lespetitsfruits.ca\/fr\/wp-json\/wp\/v2\/pages\/4120","targetHints":{"allow":["GET"]}}],"collection":[{"href":"https:\/\/lespetitsfruits.ca\/fr\/wp-json\/wp\/v2\/pages"}],"about":[{"href":"https:\/\/lespetitsfruits.ca\/fr\/wp-json\/wp\/v2\/types\/page"}],"author":[{"embeddable":true,"href":"https:\/\/lespetitsfruits.ca\/fr\/wp-json\/wp\/v2\/users\/1"}],"replies":[{"embeddable":true,"href":"https:\/\/lespetitsfruits.ca\/fr\/wp-json\/wp\/v2\/comments?post=4120"}],"version-history":[{"count":6,"href":"https:\/\/lespetitsfruits.ca\/fr\/wp-json\/wp\/v2\/pages\/4120\/revisions"}],"predecessor-version":[{"id":4377,"href":"https:\/\/lespetitsfruits.ca\/fr\/wp-json\/wp\/v2\/pages\/4120\/revisions\/4377"}],"wp:attachment":[{"href":"https:\/\/lespetitsfruits.ca\/fr\/wp-json\/wp\/v2\/media?parent=4120"}],"curies":[{"name":"wp","href":"https:\/\/api.w.org\/{rel}","templated":true}]}}