{"id":4133,"date":"2017-04-02T05:00:09","date_gmt":"2017-04-02T05:00:09","guid":{"rendered":"http:\/\/nurtureatlantic.ca\/petitsfruits\/?page_id=4133"},"modified":"2019-07-29T18:58:13","modified_gmt":"2019-07-29T18:58:13","slug":"visites","status":"publish","type":"page","link":"https:\/\/lespetitsfruits.ca\/fr\/visites\/","title":{"rendered":"Visites"},"content":{"rendered":"\n<style type=\"text\/css\" data-created_by=\"avia_inline_auto\" id=\"style-css-av-av_two_third-6126cab7d8fab8d08143dd2dacdf673c\">\n.flex_column.av-av_two_third-6126cab7d8fab8d08143dd2dacdf673c{\nborder-radius:0px 0px 0px 0px;\n-webkit-border-radius:0px 0px 0px 0px;\n-moz-border-radius:0px 0px 0px 0px;\n}\n<\/style>\n<div class='flex_column av-av_two_third-6126cab7d8fab8d08143dd2dacdf673c av_two_third  avia-builder-el-0  el_before_av_one_third  avia-builder-el-first  first flex_column_div av-zero-column-padding '   ><section class=\"av_textblock_section \"  itemscope=\"itemscope\" itemtype=\"https:\/\/schema.org\/CreativeWork\" ><div class='avia_textblock  '   itemprop=\"text\" ><h3><strong>A la d\u00e9couverte des citrouilles!<\/strong><\/h3>\n<p>Nous vous offrons une visite guid\u00e9e vous faisant d\u00e9couvrir la culture des citrouilles. La visite se fait dans une voiture tir\u00e9e par un tracteur \u00e0 travers nos champs de citrouilles. Un guide expliquera aux petits comme aux grands comment poussent les citrouilles et se fera un plaisir de r\u00e9pondre aux questions que tous se posent \u00e0 propos de ce fruit unique. Le tour en voiture se fera \u00e9galement le long des rang\u00e9es de bleuets en corymbes et de framboises.<\/p>\n<p>Chaque enfant retournera \u00e0 la maison avec une petite citrouille (d\u00e9j\u00e0 cueillie). La randonn\u00e9e de voiture s\u2019arr\u00eatera au champ de citrouilles pour choisir ensemble une grosse citrouille qu\u2019ils ram\u00e8neront \u00e0 l\u2019\u00e9cole ou \u00e0 la garderie pour la sculpter.<\/p>\n<p>Apr\u00e8s la randonn\u00e9e, les enfants visiteront la grange o\u00f9 nous remisont les courges et les citrouilles une fois r\u00e9colt\u00e9es. Ils pourront aussi voir notre ligne d\u2019emballage de bleuets o\u00f9 les fruits sont pr\u00e9par\u00e9s pour leur mise en rayon au supermarch\u00e9.<\/p>\n<p>Inclus avec la visite, chaque enfant retournera \u00e0 la maison avec un patron pour sculpter une citrouille avec les instructions, ainsi qu&rsquo;un dessin \u00e0 colorier.<\/p>\n<p>La visite est d\u2019une dur\u00e9e de 1 heure environ. Sur le site, des tables de pique-nique et des toilettes sont \u00e0 votre disposition, ainsi qu\u2019un petit parc d\u2019amusement.<\/p>\n<p>Nous sommes fiers de la propret\u00e9 de notre ferme. Il y a plusieurs poubelles sur la site et nous vous demandons de bien vouloir les utiliser pour disposer vos d\u00e9chets.<\/p>\n<p>Nous avons aussi un petit magasin o\u00f9 nous vendons de l\u2019eau et des jus, des bleuets, des courges et des citrouilles ainsi qu\u2019une vari\u00e9t\u00e9 de confitures.<\/p>\n<h3><strong>Informations d\u2019ordre g\u00e9n\u00e9ral<\/strong><\/h3>\n<p>Chaque groupe doit avoir un minimum d\u2019un adulte par 8 enfants. Nous comptons sur les surveillants pour contr\u00f4ler les enfants et voir \u00e0 ce que les r\u00e8glements soient respect\u00e9s. Courir, grimper ou pousser n\u2019est pas tol\u00e9r\u00e9. Personne n\u2019est admis \u00e0 aller dans les champs de bleuets. Chaque groupe doit rester dans les endroits allou\u00e9s \u00e0 cette fin. Les enfants doivent \u00eatre habill\u00e9s chaudement et porter des bottes.<\/p>\n<p>Le co\u00fbt pour la visite est de 5$ par personne avec une entr\u00e9e gratuite pour la personne responsable du groupe. Le co\u00fbt pour chaque adulte accompagnant est de seulement 3$. Le co\u00fbt minimum pour une visite est de 65$..<\/p>\n<p>Le paiement en entier doit \u00eatre fait au pr\u00e9alable ou le jour que la visite. Vous pouvez payer en argent, par ch\u00e8que ou par carte de cr\u00e9dit (Visa et Mastercard). Nous remettons un re\u00e7u pour chaque tour.<\/p>\n<h3><strong>Contactez-nous si vous souhaitez r\u00e9server une visite guid\u00e9e ou obtenir plus d\u2019informations!<\/strong><\/h3>\n<\/div><\/section><br \/>\n\n<style type=\"text\/css\" data-created_by=\"avia_inline_auto\" id=\"style-css-av-av_hr-ee2847e2e025ce3d30801259a03f9fd4\">\n#top .hr.hr-invisible.av-av_hr-ee2847e2e025ce3d30801259a03f9fd4{\nheight:10px;\n}\n<\/style>\n<div  class='hr av-av_hr-ee2847e2e025ce3d30801259a03f9fd4 hr-invisible  avia-builder-el-2  el_after_av_textblock  el_before_av_textblock  '><span class='hr-inner '><span class=\"hr-inner-style\"><\/span><\/span><\/div><br \/>\n<section class=\"av_textblock_section \"  itemscope=\"itemscope\" itemtype=\"https:\/\/schema.org\/CreativeWork\" ><div class='avia_textblock  '   itemprop=\"text\" ><h3><a href=\"https:\/\/lespetitsfruits.ca\/fr\/qui-sommes-nous\/faq\/\">Foire aux questions<\/a><\/h3>\n<\/div><\/section><\/p><\/div>\n<style type=\"text\/css\" data-created_by=\"avia_inline_auto\" id=\"style-css-av-av_one_third-0aa7055fe62c3622faec82866afbaeb2\">\n.flex_column.av-av_one_third-0aa7055fe62c3622faec82866afbaeb2{\nborder-radius:0px 0px 0px 0px;\n-webkit-border-radius:0px 0px 0px 0px;\n-moz-border-radius:0px 0px 0px 0px;\n}\n<\/style>\n<div class='flex_column av-av_one_third-0aa7055fe62c3622faec82866afbaeb2 av_one_third  avia-builder-el-4  el_after_av_two_third  avia-builder-el-last  flex_column_div av-zero-column-padding '   ><style type=\"text\/css\" data-created_by=\"avia_inline_auto\" id=\"style-css-av-av_image-d51f33e4db180ed14972e1b899e498fa\">\n.avia-image-container.av-av_image-d51f33e4db180ed14972e1b899e498fa .av-image-caption-overlay-center{\ncolor:#ffffff;\n}\n<\/style>\n<div  class='avia-image-container av-av_image-d51f33e4db180ed14972e1b899e498fa av-styling- avia-align-center  avia-builder-el-5  avia-builder-el-no-sibling  '  itemprop=\"image\" itemscope=\"itemscope\" itemtype=\"https:\/\/schema.org\/ImageObject\" ><div class=\"avia-image-container-inner\"><div class=\"avia-image-overlay-wrap\"><img decoding=\"async\" class='wp-image-3876 avia-img-lazy-loading-not-3876 avia_image' src=\"https:\/\/lespetitsfruits.ca\/wp-content\/uploads\/2017\/04\/Tours.jpg\" alt='' title=''  height=\"624\" width=\"350\"  itemprop=\"thumbnailUrl\" srcset=\"https:\/\/lespetitsfruits.ca\/wp-content\/uploads\/2017\/04\/Tours.jpg 350w, https:\/\/lespetitsfruits.ca\/wp-content\/uploads\/2017\/04\/Tours-168x300.jpg 168w, https:\/\/lespetitsfruits.ca\/wp-content\/uploads\/2017\/04\/Tours-150x267.jpg 150w, https:\/\/lespetitsfruits.ca\/wp-content\/uploads\/2017\/04\/Tours-141x251.jpg 141w\" sizes=\"(max-width: 350px) 100vw, 350px\" \/><\/div><\/div><\/div><\/div><\/p>\n","protected":false},"excerpt":{"rendered":"","protected":false},"author":1,"featured_media":0,"parent":0,"menu_order":0,"comment_status":"closed","ping_status":"closed","template":"","meta":{"footnotes":""},"class_list":["post-4133","page","type-page","status-publish","hentry"],"_links":{"self":[{"href":"https:\/\/lespetitsfruits.ca\/fr\/wp-json\/wp\/v2\/pages\/4133","targetHints":{"allow":["GET"]}}],"collection":[{"href":"https:\/\/lespetitsfruits.ca\/fr\/wp-json\/wp\/v2\/pages"}],"about":[{"href":"https:\/\/lespetitsfruits.ca\/fr\/wp-json\/wp\/v2\/types\/page"}],"author":[{"embeddable":true,"href":"https:\/\/lespetitsfruits.ca\/fr\/wp-json\/wp\/v2\/users\/1"}],"replies":[{"embeddable":true,"href":"https:\/\/lespetitsfruits.ca\/fr\/wp-json\/wp\/v2\/comments?post=4133"}],"version-history":[{"count":5,"href":"https:\/\/lespetitsfruits.ca\/fr\/wp-json\/wp\/v2\/pages\/4133\/revisions"}],"predecessor-version":[{"id":4380,"href":"https:\/\/lespetitsfruits.ca\/fr\/wp-json\/wp\/v2\/pages\/4133\/revisions\/4380"}],"wp:attachment":[{"href":"https:\/\/lespetitsfruits.ca\/fr\/wp-json\/wp\/v2\/media?parent=4133"}],"curies":[{"name":"wp","href":"https:\/\/api.w.org\/{rel}","templated":true}]}}