{"id":4135,"date":"2017-04-02T05:05:39","date_gmt":"2017-04-02T05:05:39","guid":{"rendered":"http:\/\/nurtureatlantic.ca\/petitsfruits\/?page_id=4135"},"modified":"2025-06-18T15:26:05","modified_gmt":"2025-06-18T15:26:05","slug":"autocueillette","status":"publish","type":"page","link":"https:\/\/lespetitsfruits.ca\/fr\/autocueillette\/","title":{"rendered":"Autocueillette"},"content":{"rendered":"\n<style type=\"text\/css\" data-created_by=\"avia_inline_auto\" id=\"style-css-av-av_two_third-6126cab7d8fab8d08143dd2dacdf673c\">\n.flex_column.av-av_two_third-6126cab7d8fab8d08143dd2dacdf673c{\nborder-radius:0px 0px 0px 0px;\n-webkit-border-radius:0px 0px 0px 0px;\n-moz-border-radius:0px 0px 0px 0px;\n}\n<\/style>\n<div class='flex_column av-av_two_third-6126cab7d8fab8d08143dd2dacdf673c av_two_third  avia-builder-el-0  el_before_av_one_third  avia-builder-el-first  first flex_column_div av-zero-column-padding '   ><p><section class=\"av_textblock_section \"  itemscope=\"itemscope\" itemtype=\"https:\/\/schema.org\/CreativeWork\" ><div class='avia_textblock  '   itemprop=\"text\" ><p><em>Nouveau pour 2024<\/em> &#8211; L\u2019admission pour l\u2019auto-cueillette est maintenant gratuite avec l\u2019achat d\u2019un panier!<\/p>\n<p><strong>Admission<\/strong><\/p>\n<p>\u2022 Enfants de moins de 36 pouces de hauteur -Gratuit<br \/>\n\u2022 Avec l\u2019achat d\u2019un panier : Entr\u00e9e gratuite<br \/>\n\u2022 Sans l\u2019achat d\u2019un panier : Frais d\u2019entr\u00e9e 2$ par personne<br \/>\n\u2022 L\u2019achat de un minimum de 1 panier est requis par groupe de 4 personnes, ou de famille de 2 parents + 3 enfants.<\/p>\n<p><em>Note : Les frais d\u2019admission sont non-remboursable.<\/em><\/p>\n<p>Les frais d\u2019entr\u00e9e donnent acc\u00e8s \u00e0 notre u-pick.<\/p>\n<p>Nous sommes fiers que notre ferme et nos installations soient certifi\u00e9es selon le Programme national de certification en salubrit\u00e9 alimentaire CanadaGAP. Cette certification indique que notre ferme a mis en place un syst\u00e8me de proc\u00e9dures pour r\u00e9duire au minimum les risques de contamination pour les produits et pour vous. Nous estimons qu\u2019il est n\u00e9cessaire de continuer \u00e0 mettre en \u0153uvre de bonnes pratiques agricoles (GAP) et de maintenir un programme de salubrit\u00e9 alimentaire efficace pour nos clients. Le programme est surveill\u00e9 par une tierce partie ind\u00e9pendante de fa\u00e7on continue.<\/p>\n<p>Les droits d\u2019entr\u00e9e aideront \u00e0 couvrir les co\u00fbts de notre programme de salubrit\u00e9 agricole et alimentaire. Merci de votre compr\u00e9hension.<\/p>\n<p>Nous vous accueillons d\u00e8s le d\u00e9but juillet avec l\u2019arriv\u00e9e des fraises. \u00a0Que ce soit \u00e0 l\u2019autocueillette ou \u00e0 notre kiosque de ferme, vous pouvez vous procurer des fruits et l\u00e9gumes frais toute la saison. \u00a0L\u2019autocueillette d\u00e9bute avec les fraises et se poursuit avec les framboises et les bleuets de corymbe, pour se terminer avec la r\u00e9colte des citrouilles \u00e0 l\u2019automne.<\/p>\n<p><strong>Juillet et ao\u00fbt : 7 jours \/ 7, de 8h \u00e0 17h<\/strong><br \/>\n<strong>Septembre : Veuillez appeler ou consulter notre page Facebook avant de vous pr\u00e9senter<\/strong><br \/>\n<strong>Veuillez prendre note qu&rsquo;en cas de pluie, l\u2019autocueillette est ferm\u00e9.<\/strong><\/p>\n<p>Il n&rsquo;est pas n\u00e9cessaire d&rsquo;apporter de contenants, car des paniers sont fournis sur place. Pour votre confort durant la cueillette, vous avez le choix d&rsquo;utiliser un coussin pour les genoux ou une chaudi\u00e8re pour vous asseoir dessus. Nous vous recommandons d&rsquo;apporter un chapeau et une bonne cr\u00e8me solaire lors des journ\u00e9es ensoleill\u00e9es d\u2019\u00e9t\u00e9.<\/p>\n<p>A l\u2019automne, votre famille appr\u00e9ciera la balade en tracteur permettant d\u2019admirer le paysage et qui vous m\u00e8nera aux champs o\u00f9 vous pourrez cueillir vos citrouilles. Nous avons des citrouilles de toutes grosseurs et de formes vari\u00e9es<\/p>\n<p>Apportez votre lunch pour un pique-nique sur une de nos tables, ou encore venez contempler le paysage confortablement assis dans une chaise berceuse sur la galerie de notre kiosque. Nous avons \u00e9galement une balan\u00e7oire pour les enfants! Au plaisir de vous voir, et de vous revoir!<\/p>\n<p>Veuillez prendre note, que pour des raisons de salubrit\u00e9, les animaux ne sont pas admis.<\/p>\n<p><em>See you soon!<\/em><\/p>\n<\/div><\/section><br \/>\n\n<style type=\"text\/css\" data-created_by=\"avia_inline_auto\" id=\"style-css-av-av_hr-ee2847e2e025ce3d30801259a03f9fd4\">\n#top .hr.hr-invisible.av-av_hr-ee2847e2e025ce3d30801259a03f9fd4{\nheight:10px;\n}\n<\/style>\n<div  class='hr av-av_hr-ee2847e2e025ce3d30801259a03f9fd4 hr-invisible  avia-builder-el-2  el_after_av_textblock  el_before_av_textblock  '><span class='hr-inner '><span class=\"hr-inner-style\"><\/span><\/span><\/div><br \/>\n<section class=\"av_textblock_section \"  itemscope=\"itemscope\" itemtype=\"https:\/\/schema.org\/CreativeWork\" ><div class='avia_textblock  '   itemprop=\"text\" ><h3><a href=\"http:\/\/lespetitsfruits.ca\/fr\/qui-sommes-nous\/faq\/\">Foire aux questions<\/a><\/h3>\n<\/div><\/section><\/p><\/div>\n<style type=\"text\/css\" data-created_by=\"avia_inline_auto\" id=\"style-css-av-av_one_third-0aa7055fe62c3622faec82866afbaeb2\">\n.flex_column.av-av_one_third-0aa7055fe62c3622faec82866afbaeb2{\nborder-radius:0px 0px 0px 0px;\n-webkit-border-radius:0px 0px 0px 0px;\n-moz-border-radius:0px 0px 0px 0px;\n}\n<\/style>\n<div class='flex_column av-av_one_third-0aa7055fe62c3622faec82866afbaeb2 av_one_third  avia-builder-el-4  el_after_av_two_third  avia-builder-el-last  flex_column_div av-zero-column-padding '   ><style type=\"text\/css\" data-created_by=\"avia_inline_auto\" id=\"style-css-av-av_image-e900ce4627274e1d0e4bdf7a493c8e11\">\n.avia-image-container.av-av_image-e900ce4627274e1d0e4bdf7a493c8e11 .av-image-caption-overlay-center{\ncolor:#ffffff;\n}\n<\/style>\n<div  class='avia-image-container av-av_image-e900ce4627274e1d0e4bdf7a493c8e11 av-styling- avia-align-center  avia-builder-el-5  avia-builder-el-no-sibling  '  itemprop=\"image\" itemscope=\"itemscope\" itemtype=\"https:\/\/schema.org\/ImageObject\" ><div class=\"avia-image-container-inner\"><div class=\"avia-image-overlay-wrap\"><img decoding=\"async\" class='wp-image-3867 avia-img-lazy-loading-not-3867 avia_image' src=\"https:\/\/lespetitsfruits.ca\/wp-content\/uploads\/2017\/04\/U-Pick.jpg\" alt='' title=''  height=\"624\" width=\"350\"  itemprop=\"thumbnailUrl\" srcset=\"https:\/\/lespetitsfruits.ca\/wp-content\/uploads\/2017\/04\/U-Pick.jpg 350w, https:\/\/lespetitsfruits.ca\/wp-content\/uploads\/2017\/04\/U-Pick-168x300.jpg 168w, https:\/\/lespetitsfruits.ca\/wp-content\/uploads\/2017\/04\/U-Pick-150x267.jpg 150w, https:\/\/lespetitsfruits.ca\/wp-content\/uploads\/2017\/04\/U-Pick-141x251.jpg 141w\" sizes=\"(max-width: 350px) 100vw, 350px\" \/><\/div><\/div><\/div><\/div><\/p>\n","protected":false},"excerpt":{"rendered":"","protected":false},"author":1,"featured_media":0,"parent":0,"menu_order":0,"comment_status":"closed","ping_status":"closed","template":"","meta":{"footnotes":""},"class_list":["post-4135","page","type-page","status-publish","hentry"],"_links":{"self":[{"href":"https:\/\/lespetitsfruits.ca\/fr\/wp-json\/wp\/v2\/pages\/4135","targetHints":{"allow":["GET"]}}],"collection":[{"href":"https:\/\/lespetitsfruits.ca\/fr\/wp-json\/wp\/v2\/pages"}],"about":[{"href":"https:\/\/lespetitsfruits.ca\/fr\/wp-json\/wp\/v2\/types\/page"}],"author":[{"embeddable":true,"href":"https:\/\/lespetitsfruits.ca\/fr\/wp-json\/wp\/v2\/users\/1"}],"replies":[{"embeddable":true,"href":"https:\/\/lespetitsfruits.ca\/fr\/wp-json\/wp\/v2\/comments?post=4135"}],"version-history":[{"count":10,"href":"https:\/\/lespetitsfruits.ca\/fr\/wp-json\/wp\/v2\/pages\/4135\/revisions"}],"predecessor-version":[{"id":6492,"href":"https:\/\/lespetitsfruits.ca\/fr\/wp-json\/wp\/v2\/pages\/4135\/revisions\/6492"}],"wp:attachment":[{"href":"https:\/\/lespetitsfruits.ca\/fr\/wp-json\/wp\/v2\/media?parent=4135"}],"curies":[{"name":"wp","href":"https:\/\/api.w.org\/{rel}","templated":true}]}}