{"id":4137,"date":"2017-04-02T05:09:22","date_gmt":"2017-04-02T05:09:22","guid":{"rendered":"http:\/\/nurtureatlantic.ca\/petitsfruits\/?page_id=4137"},"modified":"2025-06-18T15:27:35","modified_gmt":"2025-06-18T15:27:35","slug":"autocueillette-de-bleuets","status":"publish","type":"page","link":"https:\/\/lespetitsfruits.ca\/fr\/autocueillette\/autocueillette-de-bleuets\/","title":{"rendered":"Autocueillette de bleuets"},"content":{"rendered":"\n<style type=\"text\/css\" data-created_by=\"avia_inline_auto\" id=\"style-css-av-av_two_third-6126cab7d8fab8d08143dd2dacdf673c\">\n.flex_column.av-av_two_third-6126cab7d8fab8d08143dd2dacdf673c{\nborder-radius:0px 0px 0px 0px;\n-webkit-border-radius:0px 0px 0px 0px;\n-moz-border-radius:0px 0px 0px 0px;\n}\n<\/style>\n<div class='flex_column av-av_two_third-6126cab7d8fab8d08143dd2dacdf673c av_two_third  avia-builder-el-0  el_before_av_one_third  avia-builder-el-first  first flex_column_div av-zero-column-padding '   ><section class=\"av_textblock_section \"  itemscope=\"itemscope\" itemtype=\"https:\/\/schema.org\/CreativeWork\" ><div class='avia_textblock  '   itemprop=\"text\" ><p>Les Petits Fruits de Pr\u00e9-d&rsquo;en-Haut cultivent des bleuets en corymbe (aussi appel\u00e9s bleuets G\u00e9ants) sur une superficie de 14 acres.<\/p>\n<p>La saison d\u2019autocueillette d\u00e9bute g\u00e9n\u00e9ralement vers la fin de juillet. \u00a0La r\u00e9colte s\u2019\u00e9tale sur une p\u00e9riode de 6 \u00e0 8 semaines nous permettant de vous offrir des bleuets de la fin juillet jusqu\u2019au mois d\u2019octobre.<\/p>\n<p>Venez vivre l&rsquo;exp\u00e9rience de cueillir vos propres bleuets! Deux choix s\u2019offrent \u00e0 vous \u00e0 notre ferme :<\/p>\n<ul>\n<li>Profiter de l\u2019autocueillette pour faire l\u2019exp\u00e9rience de cueillir vous-m\u00eame vos bleuets;<\/li>\n<li>Acheter des bleuets frais du jour \u00e0 notre kiosque sur place.<\/li>\n<\/ul>\n<p>Veuillez prendre note qu&rsquo;en cas de pluie, le champ est ferm\u00e9.<\/p>\n<p><strong>Pour plus d&rsquo;informations, S.V.P. Appelez au 506.758.0987\u00a0ou consultez notre page Facebook.<\/strong><\/p>\n<p>Vous pouvez vous procurer tous nos produits \u00e0 notre kiosque en saison ou au March\u00e9 de Dieppe.<\/p>\n<p>Les bleuets G\u00e9ants, comparativement aux bleuets sauvages qui poussent pr\u00e8s du sol, poussent sur des arbustes qui peuvent atteindre une hauteur de 6 pieds. Les bleuets G\u00e9ants sont tr\u00e8s gros, parfois m\u00eame de la grosseur d&rsquo;un 25\u00a2.<\/p>\n<p><strong>Comment cueillir des bleuets en corymbe<\/strong><\/p>\n<ul>\n<li>Rep\u00e9rez sur les grappes les bleuets qui sont bleu fonc\u00e9s.<\/li>\n<li>Tenez la branche d&rsquo;une main, et avec l&rsquo;autre main, faites doucement rouler les bleuets dans votre main du bout des doigts, de mani\u00e8re \u00e0 ne pas faire tomber les bleuets, ni les \u00e9craser.<\/li>\n<li>Ne cueillez pas les bleuets verts ou rouges, car ils ne sont pas assez m\u00fbrs.<\/li>\n<li>Placez vos fruits frais dans un contenant \u00e0 l&rsquo;abri du soleil. Dans le champ, ils demeureront plus frais et se conserveront mieux ainsi.<\/li>\n<li>R\u00e9frig\u00e9rez vos bleuets d\u00e8s votre retour \u00e0 la maison.<\/li>\n<\/ul>\n<p><em><strong>Bienvenue \u00e0 tous et bonne cueillette!<\/strong><\/em><\/p>\n<\/div><\/section><\/div>\n<style type=\"text\/css\" data-created_by=\"avia_inline_auto\" id=\"style-css-av-av_one_third-0aa7055fe62c3622faec82866afbaeb2\">\n.flex_column.av-av_one_third-0aa7055fe62c3622faec82866afbaeb2{\nborder-radius:0px 0px 0px 0px;\n-webkit-border-radius:0px 0px 0px 0px;\n-moz-border-radius:0px 0px 0px 0px;\n}\n<\/style>\n<div class='flex_column av-av_one_third-0aa7055fe62c3622faec82866afbaeb2 av_one_third  avia-builder-el-2  el_after_av_two_third  avia-builder-el-last  flex_column_div av-zero-column-padding '   ><style type=\"text\/css\" data-created_by=\"avia_inline_auto\" id=\"style-css-av-av_image-55fbaeae56dcc5af741a5ab49d1ad2ea\">\n.avia-image-container.av-av_image-55fbaeae56dcc5af741a5ab49d1ad2ea .av-image-caption-overlay-center{\ncolor:#ffffff;\n}\n<\/style>\n<div  class='avia-image-container av-av_image-55fbaeae56dcc5af741a5ab49d1ad2ea av-styling- avia-align-center  avia-builder-el-3  avia-builder-el-no-sibling  '  itemprop=\"image\" itemscope=\"itemscope\" itemtype=\"https:\/\/schema.org\/ImageObject\" ><div class=\"avia-image-container-inner\"><div class=\"avia-image-overlay-wrap\"><img decoding=\"async\" class='wp-image-4197 avia-img-lazy-loading-not-4197 avia_image' src=\"https:\/\/lespetitsfruits.ca\/wp-content\/uploads\/2017\/04\/Button-UPick-3-Blueberry_FR.jpg\" alt='' title=''  height=\"160\" width=\"250\"  itemprop=\"thumbnailUrl\" srcset=\"https:\/\/lespetitsfruits.ca\/wp-content\/uploads\/2017\/04\/Button-UPick-3-Blueberry_FR.jpg 250w, https:\/\/lespetitsfruits.ca\/wp-content\/uploads\/2017\/04\/Button-UPick-3-Blueberry_FR-150x96.jpg 150w, https:\/\/lespetitsfruits.ca\/wp-content\/uploads\/2017\/04\/Button-UPick-3-Blueberry_FR-220x141.jpg 220w\" sizes=\"(max-width: 250px) 100vw, 250px\" \/><\/div><\/div><\/div><\/div><\/p>\n","protected":false},"excerpt":{"rendered":"","protected":false},"author":1,"featured_media":0,"parent":4135,"menu_order":0,"comment_status":"closed","ping_status":"closed","template":"","meta":{"footnotes":""},"class_list":["post-4137","page","type-page","status-publish","hentry"],"_links":{"self":[{"href":"https:\/\/lespetitsfruits.ca\/fr\/wp-json\/wp\/v2\/pages\/4137","targetHints":{"allow":["GET"]}}],"collection":[{"href":"https:\/\/lespetitsfruits.ca\/fr\/wp-json\/wp\/v2\/pages"}],"about":[{"href":"https:\/\/lespetitsfruits.ca\/fr\/wp-json\/wp\/v2\/types\/page"}],"author":[{"embeddable":true,"href":"https:\/\/lespetitsfruits.ca\/fr\/wp-json\/wp\/v2\/users\/1"}],"replies":[{"embeddable":true,"href":"https:\/\/lespetitsfruits.ca\/fr\/wp-json\/wp\/v2\/comments?post=4137"}],"version-history":[{"count":7,"href":"https:\/\/lespetitsfruits.ca\/fr\/wp-json\/wp\/v2\/pages\/4137\/revisions"}],"predecessor-version":[{"id":6596,"href":"https:\/\/lespetitsfruits.ca\/fr\/wp-json\/wp\/v2\/pages\/4137\/revisions\/6596"}],"up":[{"embeddable":true,"href":"https:\/\/lespetitsfruits.ca\/fr\/wp-json\/wp\/v2\/pages\/4135"}],"wp:attachment":[{"href":"https:\/\/lespetitsfruits.ca\/fr\/wp-json\/wp\/v2\/media?parent=4137"}],"curies":[{"name":"wp","href":"https:\/\/api.w.org\/{rel}","templated":true}]}}