{"id":4139,"date":"2017-04-02T05:11:58","date_gmt":"2017-04-02T05:11:58","guid":{"rendered":"http:\/\/nurtureatlantic.ca\/petitsfruits\/?page_id=4139"},"modified":"2025-06-18T15:28:25","modified_gmt":"2025-06-18T15:28:25","slug":"autocueillette-citrouille","status":"publish","type":"page","link":"https:\/\/lespetitsfruits.ca\/fr\/autocueillette\/autocueillette-citrouille\/","title":{"rendered":"Autocueillette-Citrouille"},"content":{"rendered":"\n<style type=\"text\/css\" data-created_by=\"avia_inline_auto\" id=\"style-css-av-av_two_third-6126cab7d8fab8d08143dd2dacdf673c\">\n.flex_column.av-av_two_third-6126cab7d8fab8d08143dd2dacdf673c{\nborder-radius:0px 0px 0px 0px;\n-webkit-border-radius:0px 0px 0px 0px;\n-moz-border-radius:0px 0px 0px 0px;\n}\n<\/style>\n<div class='flex_column av-av_two_third-6126cab7d8fab8d08143dd2dacdf673c av_two_third  avia-builder-el-0  el_before_av_one_third  avia-builder-el-first  first flex_column_div av-zero-column-padding '   ><section class=\"av_textblock_section \"  itemscope=\"itemscope\" itemtype=\"https:\/\/schema.org\/CreativeWork\" ><div class='avia_textblock  '   itemprop=\"text\" ><p>Notre saison d\u2019autocueillette de citrouilles d\u00e9bute en septembre. Venez passer une belle journ\u00e9e d\u2019automne avec nous! Faites un tour en charrette pour admirer le paysage et vous rendre \u00e0 la plantation de citrouilles o\u00f9 vous choisirez la v\u00f4tre. Ou encore, vous pouvez simplement choisir votre citrouille parmi la grande vari\u00e9t\u00e9 pr\u00e9sent\u00e9e au kiosque de la ferme. Nous avons des citrouilles de toutes grosseurs et de formes vari\u00e9es, parfaites pour votre tarte \u00e0 la citrouille pr\u00e9f\u00e9r\u00e9e ou pour vos d\u00e9corations d\u2019automne!<\/p>\n<p>Nous sommes ouvert pour la cueillette des citrouilles la fin de semaine seulement. Commen\u00e7ant environ le 20 septembre jusqu\u2019\u00e0 l\u2019Action de Gr\u00e2ces, inclusivement.<\/p>\n<p>Veuillez prendre note qu&rsquo;en cas de pluie, le champ est ferm\u00e9.<\/p>\n<p><strong>Pour plus d&rsquo;informations, S.V.P. Appelez au 506.758.0987 ou consultez notre page Facebook<\/strong><\/p>\n<p>Vous pouvez vous procurer tous nos produits \u00e0 notre kiosque en saison ou au March\u00e9 de Dieppe.<\/p>\n<p>N\u2019oubliez pas de consulter la page de renseignements \u00e0 propos des visites automnales \u00e0 la plantation de citrouilles. C\u2019est avec plaisir que nous organiserons des visites de groupe. Une exp\u00e9rience plaisante et \u00e9ducative!<\/p>\n<p>Veuillez nous contacter si vous souhaitez r\u00e9server pour un tour ou obtenir plus d\u2019informations.<\/p>\n<p><strong><em>Une belle aventure vous y attend! Bienvenue!<\/em><\/strong><\/p>\n<\/div><\/section><\/div>\n<style type=\"text\/css\" data-created_by=\"avia_inline_auto\" id=\"style-css-av-av_one_third-0aa7055fe62c3622faec82866afbaeb2\">\n.flex_column.av-av_one_third-0aa7055fe62c3622faec82866afbaeb2{\nborder-radius:0px 0px 0px 0px;\n-webkit-border-radius:0px 0px 0px 0px;\n-moz-border-radius:0px 0px 0px 0px;\n}\n<\/style>\n<div class='flex_column av-av_one_third-0aa7055fe62c3622faec82866afbaeb2 av_one_third  avia-builder-el-2  el_after_av_two_third  avia-builder-el-last  flex_column_div av-zero-column-padding '   ><style type=\"text\/css\" data-created_by=\"avia_inline_auto\" id=\"style-css-av-av_image-6cac7dd0027c63813bc923fb1e6e5115\">\n.avia-image-container.av-av_image-6cac7dd0027c63813bc923fb1e6e5115 .av-image-caption-overlay-center{\ncolor:#ffffff;\n}\n<\/style>\n<div  class='avia-image-container av-av_image-6cac7dd0027c63813bc923fb1e6e5115 av-styling- avia-align-center  avia-builder-el-3  avia-builder-el-no-sibling  '  itemprop=\"image\" itemscope=\"itemscope\" itemtype=\"https:\/\/schema.org\/ImageObject\" ><div class=\"avia-image-container-inner\"><div class=\"avia-image-overlay-wrap\"><img decoding=\"async\" class='wp-image-4199 avia-img-lazy-loading-not-4199 avia_image' src=\"https:\/\/lespetitsfruits.ca\/wp-content\/uploads\/2017\/04\/Button-UPick-4-Pumpkin_FR.jpg\" alt='' title=''  height=\"160\" width=\"250\"  itemprop=\"thumbnailUrl\" srcset=\"https:\/\/lespetitsfruits.ca\/wp-content\/uploads\/2017\/04\/Button-UPick-4-Pumpkin_FR.jpg 250w, https:\/\/lespetitsfruits.ca\/wp-content\/uploads\/2017\/04\/Button-UPick-4-Pumpkin_FR-150x96.jpg 150w, https:\/\/lespetitsfruits.ca\/wp-content\/uploads\/2017\/04\/Button-UPick-4-Pumpkin_FR-220x141.jpg 220w\" sizes=\"(max-width: 250px) 100vw, 250px\" \/><\/div><\/div><\/div><\/div><\/p>\n","protected":false},"excerpt":{"rendered":"","protected":false},"author":1,"featured_media":0,"parent":4135,"menu_order":0,"comment_status":"closed","ping_status":"closed","template":"","meta":{"footnotes":""},"class_list":["post-4139","page","type-page","status-publish","hentry"],"_links":{"self":[{"href":"https:\/\/lespetitsfruits.ca\/fr\/wp-json\/wp\/v2\/pages\/4139","targetHints":{"allow":["GET"]}}],"collection":[{"href":"https:\/\/lespetitsfruits.ca\/fr\/wp-json\/wp\/v2\/pages"}],"about":[{"href":"https:\/\/lespetitsfruits.ca\/fr\/wp-json\/wp\/v2\/types\/page"}],"author":[{"embeddable":true,"href":"https:\/\/lespetitsfruits.ca\/fr\/wp-json\/wp\/v2\/users\/1"}],"replies":[{"embeddable":true,"href":"https:\/\/lespetitsfruits.ca\/fr\/wp-json\/wp\/v2\/comments?post=4139"}],"version-history":[{"count":6,"href":"https:\/\/lespetitsfruits.ca\/fr\/wp-json\/wp\/v2\/pages\/4139\/revisions"}],"predecessor-version":[{"id":6600,"href":"https:\/\/lespetitsfruits.ca\/fr\/wp-json\/wp\/v2\/pages\/4139\/revisions\/6600"}],"up":[{"embeddable":true,"href":"https:\/\/lespetitsfruits.ca\/fr\/wp-json\/wp\/v2\/pages\/4135"}],"wp:attachment":[{"href":"https:\/\/lespetitsfruits.ca\/fr\/wp-json\/wp\/v2\/media?parent=4139"}],"curies":[{"name":"wp","href":"https:\/\/api.w.org\/{rel}","templated":true}]}}