{"id":4141,"date":"2017-04-02T05:15:02","date_gmt":"2017-04-02T05:15:02","guid":{"rendered":"http:\/\/nurtureatlantic.ca\/petitsfruits\/?page_id=4141"},"modified":"2025-07-29T22:34:02","modified_gmt":"2025-07-29T22:34:02","slug":"autocueillette-de-framboises","status":"publish","type":"page","link":"https:\/\/lespetitsfruits.ca\/fr\/autocueillette\/autocueillette-de-framboises\/","title":{"rendered":"Autocueillette de framboises"},"content":{"rendered":"\n<style type=\"text\/css\" data-created_by=\"avia_inline_auto\" id=\"style-css-av-av_two_third-6126cab7d8fab8d08143dd2dacdf673c\">\n.flex_column.av-av_two_third-6126cab7d8fab8d08143dd2dacdf673c{\nborder-radius:0px 0px 0px 0px;\n-webkit-border-radius:0px 0px 0px 0px;\n-moz-border-radius:0px 0px 0px 0px;\n}\n<\/style>\n<div class='flex_column av-av_two_third-6126cab7d8fab8d08143dd2dacdf673c av_two_third  avia-builder-el-0  el_before_av_one_third  avia-builder-el-first  first flex_column_div av-zero-column-padding '   ><section class=\"av_textblock_section \"  itemscope=\"itemscope\" itemtype=\"https:\/\/schema.org\/CreativeWork\" ><div class='avia_textblock  '   itemprop=\"text\" ><p>L\u2019autocueillette de framboises d\u00e9butera dans les environs de la mi-juillet \u00e0 la fin juillet. Les quantit\u00e9s seront limit\u00e9es.<\/p>\n<p>Les framboises sont des fruits fragiles. Elles doivent \u00eatre cueillies et manipul\u00e9es d\u00e9licatement, et r\u00e9frig\u00e9r\u00e9es le plus rapidement possible. Elles poussent sur de grandes tiges regroup\u00e9es en haies. Ces petits fruits sont d\u00e9licieux, et valent bien le soin et l\u2019attention requis lors de leur cueillette.<\/p>\n<p>Venez vivre l&rsquo;exp\u00e9rience de cueillir vos propres framboises! Deux choix s\u2019offrent \u00e0 vous \u00e0 notre ferme :<\/p>\n<ul>\n<li>Profiter de l\u2019autocueillette pour faire l\u2019exp\u00e9rience de cueillir vous-m\u00eame vos framboises;<\/li>\n<li>Acheter des framboises fra\u00eeches du jour \u00e0 notre kiosque sur place.<\/li>\n<\/ul>\n<p>Veuillez prendre note qu&rsquo;en cas de pluie, le champ est ferm\u00e9.<\/p>\n<p><strong>Pour plus d&rsquo;informations, S.V.P. Appelez au 506.758.0987 ou consultez notre page Facebook.<\/strong><\/p>\n<p>Vous pouvez vous procurer tous nos produits \u00e0 notre kiosque en saison ou au March\u00e9 de Dieppe.<\/p>\n<p><strong>Comment cueillir des framboises<\/strong><\/p>\n<ul>\n<li>Choisissez des framboises fermes, bien form\u00e9es et charnues. \u00a0Les framboises ne m\u00fbrissent pas une fois cueillies.<\/li>\n<li>Saisissez d\u00e9licatement le fruit avec le bout de vos doigts, et tirez doucement.<\/li>\n<li>Une framboise m\u00fbre se d\u00e9tachera facilement, laissant le centre du fruit attach\u00e9 \u00e0 la tige.<\/li>\n<li>Placez vos fruits frais dans un contenant \u00e0 l&rsquo;abri du soleil. \u00a0Dans le champ, ils demeureront plus frais et se conserveront mieux ainsi.<\/li>\n<li>R\u00e9frig\u00e9rez vos framboises d\u00e8s votre retour \u00e0 la maison.<\/li>\n<\/ul>\n<p><strong><em>Bienvenue \u00e0 tous et bonne cueillette!<\/em><\/strong><\/p>\n<\/div><\/section><\/div>\n<style type=\"text\/css\" data-created_by=\"avia_inline_auto\" id=\"style-css-av-av_one_third-0aa7055fe62c3622faec82866afbaeb2\">\n.flex_column.av-av_one_third-0aa7055fe62c3622faec82866afbaeb2{\nborder-radius:0px 0px 0px 0px;\n-webkit-border-radius:0px 0px 0px 0px;\n-moz-border-radius:0px 0px 0px 0px;\n}\n<\/style>\n<div class='flex_column av-av_one_third-0aa7055fe62c3622faec82866afbaeb2 av_one_third  avia-builder-el-2  el_after_av_two_third  avia-builder-el-last  flex_column_div av-zero-column-padding '   ><style type=\"text\/css\" data-created_by=\"avia_inline_auto\" id=\"style-css-av-av_image-5b871dfb4e24809433bb63469abeee7e\">\n.avia-image-container.av-av_image-5b871dfb4e24809433bb63469abeee7e .av-image-caption-overlay-center{\ncolor:#ffffff;\n}\n<\/style>\n<div  class='avia-image-container av-av_image-5b871dfb4e24809433bb63469abeee7e av-styling- avia-align-center  avia-builder-el-3  avia-builder-el-no-sibling  '  itemprop=\"image\" itemscope=\"itemscope\" itemtype=\"https:\/\/schema.org\/ImageObject\" ><div class=\"avia-image-container-inner\"><div class=\"avia-image-overlay-wrap\"><img decoding=\"async\" class='wp-image-4195 avia-img-lazy-loading-not-4195 avia_image' src=\"https:\/\/lespetitsfruits.ca\/wp-content\/uploads\/2017\/04\/Button-UPick-2-Raspberry_FR.jpg\" alt='' title=''  height=\"160\" width=\"250\"  itemprop=\"thumbnailUrl\" srcset=\"https:\/\/lespetitsfruits.ca\/wp-content\/uploads\/2017\/04\/Button-UPick-2-Raspberry_FR.jpg 250w, https:\/\/lespetitsfruits.ca\/wp-content\/uploads\/2017\/04\/Button-UPick-2-Raspberry_FR-150x96.jpg 150w, https:\/\/lespetitsfruits.ca\/wp-content\/uploads\/2017\/04\/Button-UPick-2-Raspberry_FR-220x141.jpg 220w\" sizes=\"(max-width: 250px) 100vw, 250px\" \/><\/div><\/div><\/div><\/div><\/p>\n","protected":false},"excerpt":{"rendered":"","protected":false},"author":1,"featured_media":0,"parent":4135,"menu_order":0,"comment_status":"closed","ping_status":"closed","template":"","meta":{"footnotes":""},"class_list":["post-4141","page","type-page","status-publish","hentry"],"_links":{"self":[{"href":"https:\/\/lespetitsfruits.ca\/fr\/wp-json\/wp\/v2\/pages\/4141","targetHints":{"allow":["GET"]}}],"collection":[{"href":"https:\/\/lespetitsfruits.ca\/fr\/wp-json\/wp\/v2\/pages"}],"about":[{"href":"https:\/\/lespetitsfruits.ca\/fr\/wp-json\/wp\/v2\/types\/page"}],"author":[{"embeddable":true,"href":"https:\/\/lespetitsfruits.ca\/fr\/wp-json\/wp\/v2\/users\/1"}],"replies":[{"embeddable":true,"href":"https:\/\/lespetitsfruits.ca\/fr\/wp-json\/wp\/v2\/comments?post=4141"}],"version-history":[{"count":9,"href":"https:\/\/lespetitsfruits.ca\/fr\/wp-json\/wp\/v2\/pages\/4141\/revisions"}],"predecessor-version":[{"id":6618,"href":"https:\/\/lespetitsfruits.ca\/fr\/wp-json\/wp\/v2\/pages\/4141\/revisions\/6618"}],"up":[{"embeddable":true,"href":"https:\/\/lespetitsfruits.ca\/fr\/wp-json\/wp\/v2\/pages\/4135"}],"wp:attachment":[{"href":"https:\/\/lespetitsfruits.ca\/fr\/wp-json\/wp\/v2\/media?parent=4141"}],"curies":[{"name":"wp","href":"https:\/\/api.w.org\/{rel}","templated":true}]}}