{"id":4143,"date":"2017-04-02T05:19:05","date_gmt":"2017-04-02T05:19:05","guid":{"rendered":"http:\/\/nurtureatlantic.ca\/petitsfruits\/?page_id=4143"},"modified":"2025-06-18T15:29:46","modified_gmt":"2025-06-18T15:29:46","slug":"autocueillette-de-fraises","status":"publish","type":"page","link":"https:\/\/lespetitsfruits.ca\/fr\/autocueillette\/autocueillette-de-fraises\/","title":{"rendered":"Autocueillette de fraises"},"content":{"rendered":"\n<style type=\"text\/css\" data-created_by=\"avia_inline_auto\" id=\"style-css-av-av_two_third-6126cab7d8fab8d08143dd2dacdf673c\">\n.flex_column.av-av_two_third-6126cab7d8fab8d08143dd2dacdf673c{\nborder-radius:0px 0px 0px 0px;\n-webkit-border-radius:0px 0px 0px 0px;\n-moz-border-radius:0px 0px 0px 0px;\n}\n<\/style>\n<div class='flex_column av-av_two_third-6126cab7d8fab8d08143dd2dacdf673c av_two_third  avia-builder-el-0  el_before_av_one_third  avia-builder-el-first  first flex_column_div av-zero-column-padding '   ><section class=\"av_textblock_section \"  itemscope=\"itemscope\" itemtype=\"https:\/\/schema.org\/CreativeWork\" ><div class='avia_textblock  '   itemprop=\"text\" ><p>Premier petit fruit de la saison, l\u2019autocueillette des fraises ouvre d\u00e8s le d\u00e9but du mois de juillet.<\/p>\n<p>Les fraises poussent au ras du sol, regroup\u00e9es en grappes de trois par tige. D\u2019abord de couleur blanche et verte, elles aborent une riche couleur rouge quand elles m\u00fbrissent.<\/p>\n<p>Venez vivre l&rsquo;exp\u00e9rience de cueillir vos propres fraises! Deux choix s\u2019offrent \u00e0 vous \u00e0 notre ferme :<\/p>\n<ul>\n<li>Profiter de l\u2019autocueillette pour faire l\u2019exp\u00e9rience de cueillir vous-m\u00eame vos fraises<\/li>\n<li>Acheter des fraises fra\u00eeches du jour \u00e0 notre kiosque sur place.<\/li>\n<\/ul>\n<p>Veuillez prendre note qu&rsquo;en cas de pluie, le champ est ferm\u00e9.<\/p>\n<p><strong>Pour plus d&rsquo;informations, S.V.P. Appelez au 506.758.0987 ou consultez notre page Facebook.<\/strong><\/p>\n<p>Vous pouvez vous procurer tous nos produits \u00e0 notre kiosque en saison ou au March\u00e9 de Dieppe.<\/p>\n<p><strong>Comment cueillir des fraises<\/strong><\/p>\n<ul>\n<li>Choisissez des fraises fermes, bien charnues,\u00a0enti\u00e8rement rouges\u00a0et dont les queues sont d\u2019un vert vif. Les fraises ne m\u00fbrissent pas apr\u00e8s avoir \u00e9t\u00e9 cueillies.<\/li>\n<li>Tenez la tige juste au-dessus de la fraise, entre l\u2019index et le pouce, et tirez la fraise en tournant l\u00e9g\u00e8rement.<\/li>\n<li>Tenir la tige \u00e0 environ \u00bd pouce de la fraise vous permettra de la faire rouler facilement dans votre main.<\/li>\n<li>Placez vos fruits frais dans un contenant \u00e0 l&rsquo;abri du soleil. Ils demeureront plus frais et se conserveront mieux ainsi.<\/li>\n<li>R\u00e9frig\u00e9rez vos fraises d\u00e8s votre retour \u00e0 la maison.<\/li>\n<\/ul>\n<p><strong><em>Bienvenue \u00e0 tous et bonne cueillette!<\/em><\/strong><\/p>\n<\/div><\/section><\/div>\n<style type=\"text\/css\" data-created_by=\"avia_inline_auto\" id=\"style-css-av-av_one_third-0aa7055fe62c3622faec82866afbaeb2\">\n.flex_column.av-av_one_third-0aa7055fe62c3622faec82866afbaeb2{\nborder-radius:0px 0px 0px 0px;\n-webkit-border-radius:0px 0px 0px 0px;\n-moz-border-radius:0px 0px 0px 0px;\n}\n<\/style>\n<div class='flex_column av-av_one_third-0aa7055fe62c3622faec82866afbaeb2 av_one_third  avia-builder-el-2  el_after_av_two_third  avia-builder-el-last  flex_column_div av-zero-column-padding '   ><style type=\"text\/css\" data-created_by=\"avia_inline_auto\" id=\"style-css-av-av_image-15cefe2c44c7576a8e8cef81590446a3\">\n.avia-image-container.av-av_image-15cefe2c44c7576a8e8cef81590446a3 .av-image-caption-overlay-center{\ncolor:#ffffff;\n}\n<\/style>\n<div  class='avia-image-container av-av_image-15cefe2c44c7576a8e8cef81590446a3 av-styling- avia-align-center  avia-builder-el-3  avia-builder-el-no-sibling  '  itemprop=\"image\" itemscope=\"itemscope\" itemtype=\"https:\/\/schema.org\/ImageObject\" ><div class=\"avia-image-container-inner\"><div class=\"avia-image-overlay-wrap\"><img decoding=\"async\" class='wp-image-4193 avia-img-lazy-loading-not-4193 avia_image' src=\"https:\/\/lespetitsfruits.ca\/wp-content\/uploads\/2017\/04\/Button-UPick-1-Strawberry_FR.jpg\" alt='' title=''  height=\"160\" width=\"250\"  itemprop=\"thumbnailUrl\" srcset=\"https:\/\/lespetitsfruits.ca\/wp-content\/uploads\/2017\/04\/Button-UPick-1-Strawberry_FR.jpg 250w, https:\/\/lespetitsfruits.ca\/wp-content\/uploads\/2017\/04\/Button-UPick-1-Strawberry_FR-150x96.jpg 150w, https:\/\/lespetitsfruits.ca\/wp-content\/uploads\/2017\/04\/Button-UPick-1-Strawberry_FR-220x141.jpg 220w\" sizes=\"(max-width: 250px) 100vw, 250px\" \/><\/div><\/div><\/div><\/div><\/p>\n","protected":false},"excerpt":{"rendered":"","protected":false},"author":1,"featured_media":0,"parent":4135,"menu_order":0,"comment_status":"closed","ping_status":"closed","template":"","meta":{"footnotes":""},"class_list":["post-4143","page","type-page","status-publish","hentry"],"_links":{"self":[{"href":"https:\/\/lespetitsfruits.ca\/fr\/wp-json\/wp\/v2\/pages\/4143","targetHints":{"allow":["GET"]}}],"collection":[{"href":"https:\/\/lespetitsfruits.ca\/fr\/wp-json\/wp\/v2\/pages"}],"about":[{"href":"https:\/\/lespetitsfruits.ca\/fr\/wp-json\/wp\/v2\/types\/page"}],"author":[{"embeddable":true,"href":"https:\/\/lespetitsfruits.ca\/fr\/wp-json\/wp\/v2\/users\/1"}],"replies":[{"embeddable":true,"href":"https:\/\/lespetitsfruits.ca\/fr\/wp-json\/wp\/v2\/comments?post=4143"}],"version-history":[{"count":6,"href":"https:\/\/lespetitsfruits.ca\/fr\/wp-json\/wp\/v2\/pages\/4143\/revisions"}],"predecessor-version":[{"id":6608,"href":"https:\/\/lespetitsfruits.ca\/fr\/wp-json\/wp\/v2\/pages\/4143\/revisions\/6608"}],"up":[{"embeddable":true,"href":"https:\/\/lespetitsfruits.ca\/fr\/wp-json\/wp\/v2\/pages\/4135"}],"wp:attachment":[{"href":"https:\/\/lespetitsfruits.ca\/fr\/wp-json\/wp\/v2\/media?parent=4143"}],"curies":[{"name":"wp","href":"https:\/\/api.w.org\/{rel}","templated":true}]}}