{"id":5631,"date":"2017-11-09T05:04:57","date_gmt":"2017-11-09T05:04:57","guid":{"rendered":"http:\/\/lespetitsfruits.ca\/renseignements-concernant-lexpedition-et-les-retours\/"},"modified":"2017-12-06T21:35:36","modified_gmt":"2017-12-06T21:35:36","slug":"renseignements-concernant-lexpedition-et-les-retours","status":"publish","type":"page","link":"https:\/\/lespetitsfruits.ca\/fr\/renseignements-concernant-lexpedition-et-les-retours\/","title":{"rendered":"Renseignements concernant l&rsquo;exp\u00e9dition et les retours"},"content":{"rendered":"\n<style type=\"text\/css\" data-created_by=\"avia_inline_auto\" id=\"style-css-av-av_one_full-6126cab7d8fab8d08143dd2dacdf673c\">\n.flex_column.av-av_one_full-6126cab7d8fab8d08143dd2dacdf673c{\nborder-radius:0px 0px 0px 0px;\n-webkit-border-radius:0px 0px 0px 0px;\n-moz-border-radius:0px 0px 0px 0px;\n}\n<\/style>\n<div class='flex_column av-av_one_full-6126cab7d8fab8d08143dd2dacdf673c av_one_full  avia-builder-el-0  avia-builder-el-no-sibling  first flex_column_div av-zero-column-padding '   ><section class=\"av_textblock_section \"  itemscope=\"itemscope\" itemtype=\"https:\/\/schema.org\/CreativeWork\" ><div class='avia_textblock  '   itemprop=\"text\" ><p><strong>Renseignements concernant l\u2019exp\u00e9dition<\/strong><br \/>\nNous faisons affaires avec Postes Canada pour l\u2019exp\u00e9dition de nos produits. Nous exp\u00e9dions seulement du lundi au vendredi. Les clients r\u00e9sidant au Canada atlantique peuvent s\u2019attendre de recevoir leur paquet dans 5 \u00e0 6 jours ouvrables, au Canada central dans 8 \u00e0 10 jours ouvrables, \u00e0 l\u2019Ouest du Canada dans 10 \u00e0 12 jours ouvrables, au Nord du Canada dans 12 \u00e0 14 jours ouvrables, et aux \u00c9tats-Unis dans 12 \u00e0 14 jours ouvrables.<\/p>\n<p>Les tarifs d\u2019exp\u00e9dition sont comme suit :<\/p>\n<p><strong>Paquet de six<\/strong><br \/>\nProvinces canadiennes : Nouveau-Brunswick, Nouvelle-\u00c9cosse et \u00cele-du-Prince-\u00c9douard &#8211; 15 $. Autres provinces canadiennes et \u00c9tats-Unis \u2013 20 $ \u2022 Territoires du Canada, Alaska et Hawaii \u2013 35 $<\/p>\n<p>Les tarifs d\u2019exp\u00e9dition sont assujettis aux taxes et varient selon votre province et territoire. La taxe exacte sera calcul\u00e9e et affich\u00e9e \u00e0 la derni\u00e8re \u00e9tape de l\u2019achat.<\/p>\n<p><strong>Retours<\/strong><br \/>\nNous pr\u00e9parons nos produits avec beaucoup de soins. Si vous n\u2019\u00eates pas 100% satisfaits de votre achat, nous aimerions que vous communiquiez avec nous. Si une commande contient une erreur, nous vous exp\u00e9dierons le produit correct sans frais. Dans l\u2019\u00e9ventualit\u00e9 o\u00f9 les produits subiraient du dommage pendant l\u2019exp\u00e9dition, s.v.p. veuillez prendre une photo du dommage, et nous l\u2019envoyer par courriel \u00e0 l\u2019adresse suivante : <a href=\"mailto:lespetitsfruits@nb.aibn.com\" target=\"_blank\" rel=\"noopener\">lespetitsfruits@nb.aibn.com<\/a>. Nous nous effor\u00e7ons toujours \u00e0 r\u00e9soudre les probl\u00e8mes d\u2019exp\u00e9dition.<\/p>\n<p><strong><em>Savourez la saveur traditionnelle aujourd\u2019hui!<\/em><\/strong><\/p>\n<\/div><\/section><\/div>\n","protected":false},"excerpt":{"rendered":"","protected":false},"author":1,"featured_media":0,"parent":0,"menu_order":0,"comment_status":"closed","ping_status":"closed","template":"","meta":{"footnotes":""},"class_list":["post-5631","page","type-page","status-publish","hentry"],"_links":{"self":[{"href":"https:\/\/lespetitsfruits.ca\/fr\/wp-json\/wp\/v2\/pages\/5631","targetHints":{"allow":["GET"]}}],"collection":[{"href":"https:\/\/lespetitsfruits.ca\/fr\/wp-json\/wp\/v2\/pages"}],"about":[{"href":"https:\/\/lespetitsfruits.ca\/fr\/wp-json\/wp\/v2\/types\/page"}],"author":[{"embeddable":true,"href":"https:\/\/lespetitsfruits.ca\/fr\/wp-json\/wp\/v2\/users\/1"}],"replies":[{"embeddable":true,"href":"https:\/\/lespetitsfruits.ca\/fr\/wp-json\/wp\/v2\/comments?post=5631"}],"version-history":[{"count":6,"href":"https:\/\/lespetitsfruits.ca\/fr\/wp-json\/wp\/v2\/pages\/5631\/revisions"}],"predecessor-version":[{"id":5641,"href":"https:\/\/lespetitsfruits.ca\/fr\/wp-json\/wp\/v2\/pages\/5631\/revisions\/5641"}],"wp:attachment":[{"href":"https:\/\/lespetitsfruits.ca\/fr\/wp-json\/wp\/v2\/media?parent=5631"}],"curies":[{"name":"wp","href":"https:\/\/api.w.org\/{rel}","templated":true}]}}