{"id":5904,"date":"2018-06-07T02:04:57","date_gmt":"2018-06-07T02:04:57","guid":{"rendered":"http:\/\/lespetitsfruits.ca\/collecte-de-fonds\/"},"modified":"2018-06-07T02:26:32","modified_gmt":"2018-06-07T02:26:32","slug":"collecte-de-fonds","status":"publish","type":"page","link":"https:\/\/lespetitsfruits.ca\/fr\/collecte-de-fonds\/","title":{"rendered":"Collecte de fonds avec de la confiture"},"content":{"rendered":"\n<style type=\"text\/css\" data-created_by=\"avia_inline_auto\" id=\"style-css-av-av_one_half-6126cab7d8fab8d08143dd2dacdf673c\">\n.flex_column.av-av_one_half-6126cab7d8fab8d08143dd2dacdf673c{\nborder-radius:0px 0px 0px 0px;\n-webkit-border-radius:0px 0px 0px 0px;\n-moz-border-radius:0px 0px 0px 0px;\n}\n<\/style>\n<div class='flex_column av-av_one_half-6126cab7d8fab8d08143dd2dacdf673c av_one_half  avia-builder-el-0  el_before_av_one_half  avia-builder-el-first  first flex_column_div av-zero-column-padding '   ><section class=\"av_textblock_section \"  itemscope=\"itemscope\" itemtype=\"https:\/\/schema.org\/CreativeWork\" ><div class='avia_textblock  '   itemprop=\"text\" ><p>Vous cherchez un moyen amusant et rentable d\u2019amasser des fonds pour votre \u00e9cole, \u00e9quipe sportive, \u00e9glise ou autre organisation? Notre produit local de qualit\u00e9 est s\u00fbr d\u2019\u00eatre une collecte de fonds r\u00e9ussie. Tout le monde aime la confiture!<\/p>\n<p><strong>Appr\u00e9ciez la saveur traditionnelle<br \/>\n<\/strong>Nous fabriquons des confitures de fruits, des gel\u00e9es, et du beurre de pommes \u00e0 notre ferme \u00e0 Memramcook, au Nouveau-Brunswick, depuis plus de dix ans. Nos confitures sont faites avec nos propres baies et rhubarbe. Notre beurre de pommes et gel\u00e9e de pommes sont faites de pommes locales.<\/p>\n<p>Faits \u00e0 la main par petits lots, nos produits sont faits avec amour en utilisant le style traditionnel, et sont naturels \u00e0 100%!<\/p>\n<p>Tous les produits sont disponibles en format de 190 ml. Le format de 110 ml est disponible en commande sp\u00e9ciale seulement.<\/p>\n<p><strong>Profitez du succ\u00e8s<br \/>\n<\/strong>Nous croyons qu\u2019un bon produit fait toute la diff\u00e9rence pour avoir une collecte de fonds r\u00e9ussie! Offrez \u00e0 vos supporteurs la possibilit\u00e9 d\u2019acheter un produit local de qualit\u00e9 dont ils pourront profiter.<\/p>\n<p>Merci de votre int\u00e9r\u00eat envers notre programme. Nous avons h\u00e2te de travailler avec votre groupe et de vous aider \u00e0 atteindre vos objectifs.<\/p>\n<\/div><\/section><\/div>\n<style type=\"text\/css\" data-created_by=\"avia_inline_auto\" id=\"style-css-av-av_one_half-0aa7055fe62c3622faec82866afbaeb2\">\n.flex_column.av-av_one_half-0aa7055fe62c3622faec82866afbaeb2{\nborder-radius:0px 0px 0px 0px;\n-webkit-border-radius:0px 0px 0px 0px;\n-moz-border-radius:0px 0px 0px 0px;\n}\n<\/style>\n<div class='flex_column av-av_one_half-0aa7055fe62c3622faec82866afbaeb2 av_one_half  avia-builder-el-2  el_after_av_one_half  avia-builder-el-last  flex_column_div av-zero-column-padding '   ><style type=\"text\/css\" data-created_by=\"avia_inline_auto\" id=\"style-css-av-av_image-e7df45d6f7a30b975cf36c3adb6dd330\">\n.avia-image-container.av-av_image-e7df45d6f7a30b975cf36c3adb6dd330 .av-image-caption-overlay-center{\ncolor:#ffffff;\n}\n<\/style>\n<div  class='avia-image-container av-av_image-e7df45d6f7a30b975cf36c3adb6dd330 av-styling- avia-align-center  avia-builder-el-3  avia-builder-el-no-sibling  '  itemprop=\"image\" itemscope=\"itemscope\" itemtype=\"https:\/\/schema.org\/ImageObject\" ><div class=\"avia-image-container-inner\"><div class=\"avia-image-overlay-wrap\"><img decoding=\"async\" class='wp-image-5910 avia-img-lazy-loading-not-5910 avia_image' src=\"https:\/\/lespetitsfruits.ca\/wp-content\/uploads\/2018\/06\/PFP-Fundraising-Page-Header_FR.jpg\" alt='' title=''  height=\"400\" width=\"600\"  itemprop=\"thumbnailUrl\" srcset=\"https:\/\/lespetitsfruits.ca\/wp-content\/uploads\/2018\/06\/PFP-Fundraising-Page-Header_FR.jpg 600w, https:\/\/lespetitsfruits.ca\/wp-content\/uploads\/2018\/06\/PFP-Fundraising-Page-Header_FR-300x200.jpg 300w, https:\/\/lespetitsfruits.ca\/wp-content\/uploads\/2018\/06\/PFP-Fundraising-Page-Header_FR-150x100.jpg 150w, https:\/\/lespetitsfruits.ca\/wp-content\/uploads\/2018\/06\/PFP-Fundraising-Page-Header_FR-220x147.jpg 220w\" sizes=\"(max-width: 600px) 100vw, 600px\" \/><\/div><\/div><\/div><\/div><\/p>\n","protected":false},"excerpt":{"rendered":"","protected":false},"author":1,"featured_media":0,"parent":0,"menu_order":0,"comment_status":"closed","ping_status":"closed","template":"","meta":{"footnotes":""},"class_list":["post-5904","page","type-page","status-publish","hentry"],"_links":{"self":[{"href":"https:\/\/lespetitsfruits.ca\/fr\/wp-json\/wp\/v2\/pages\/5904","targetHints":{"allow":["GET"]}}],"collection":[{"href":"https:\/\/lespetitsfruits.ca\/fr\/wp-json\/wp\/v2\/pages"}],"about":[{"href":"https:\/\/lespetitsfruits.ca\/fr\/wp-json\/wp\/v2\/types\/page"}],"author":[{"embeddable":true,"href":"https:\/\/lespetitsfruits.ca\/fr\/wp-json\/wp\/v2\/users\/1"}],"replies":[{"embeddable":true,"href":"https:\/\/lespetitsfruits.ca\/fr\/wp-json\/wp\/v2\/comments?post=5904"}],"version-history":[{"count":3,"href":"https:\/\/lespetitsfruits.ca\/fr\/wp-json\/wp\/v2\/pages\/5904\/revisions"}],"predecessor-version":[{"id":5909,"href":"https:\/\/lespetitsfruits.ca\/fr\/wp-json\/wp\/v2\/pages\/5904\/revisions\/5909"}],"wp:attachment":[{"href":"https:\/\/lespetitsfruits.ca\/fr\/wp-json\/wp\/v2\/media?parent=5904"}],"curies":[{"name":"wp","href":"https:\/\/api.w.org\/{rel}","templated":true}]}}