{"id":6065,"date":"2019-07-27T01:23:38","date_gmt":"2019-07-27T01:23:38","guid":{"rendered":"http:\/\/lespetitsfruits.ca\/qui-sommes-nous\/faq\/"},"modified":"2020-08-06T16:04:08","modified_gmt":"2020-08-06T16:04:08","slug":"faq","status":"publish","type":"page","link":"https:\/\/lespetitsfruits.ca\/fr\/qui-sommes-nous\/faq\/","title":{"rendered":"Foire aux questions"},"content":{"rendered":"\n<style type=\"text\/css\" data-created_by=\"avia_inline_auto\" id=\"style-css-av-av_one_full-6126cab7d8fab8d08143dd2dacdf673c\">\n.flex_column.av-av_one_full-6126cab7d8fab8d08143dd2dacdf673c{\nborder-radius:0px 0px 0px 0px;\n-webkit-border-radius:0px 0px 0px 0px;\n-moz-border-radius:0px 0px 0px 0px;\n}\n<\/style>\n<div class='flex_column av-av_one_full-6126cab7d8fab8d08143dd2dacdf673c av_one_full  avia-builder-el-0  avia-builder-el-no-sibling  first flex_column_div av-zero-column-padding '   ><section class=\"av_textblock_section \"  itemscope=\"itemscope\" itemtype=\"https:\/\/schema.org\/CreativeWork\" ><div class='avia_textblock  '   itemprop=\"text\" ><h3>Mise \u00e0 jour COVID-19: assurer la s\u00e9curit\u00e9 de notre communaut\u00e9<\/h3>\n<p>Dans le but de fournir un environnement s\u00e9curitaire \u00e0 nos clients, ainsi qu\u2019\u00e0 nos employ\u00e9s, nous avons mis en place des protocoles pour aider \u00e0 r\u00e9duire la propagation de La covid-19.<\/p>\n<p>Des mesures de distanciation devront \u00eatre respect\u00e9es \u00e0 notre kiosque de ferme. Prenez note que pour l\u2019auto-cueillette des bleuets, il nous est impossible de respecter la distanciation, car les plants sont trop rapproch\u00e9s, et les all\u00e9es ne sont pas assez large. Le port du masque est obligatoire, et ce pendant toute la dur\u00e9e de votre cueillette au champ. Le lavage des mains est fortement sugg\u00e9r\u00e9 avant d\u2019aller dans les champs et dans la voiture.<\/p>\n<p>Merci de votre compr\u00e9hension.<\/p>\n<h3>Est-ce que je dois apporter mes propres contenants?<\/h3>\n<p>Non. Nous vous fournissons des paniers pour la cueillette. Vous n\u2019avez donc pas besoin d\u2019apporter des contenants.<\/p>\n<h3>Quels sont vos heures et journ\u00e9es d\u2019ouverture?<\/h3>\n<p>Nous sommes g\u00e9n\u00e9ralement ouverts 7 jours par semaine de 8h \u00e0 5h. Les heures peuvent varier un peu lorsqu\u2019il y a de la pluie, car il n\u2019y a pas de cueillette \u00e0 ce moment-l\u00e0. Il vaut mieux de v\u00e9rifier sur notre Facebook, ou l\u2019information sera donn\u00e9e presque en temps r\u00e9el.<\/p>\n<h3>Vendez-vous des fruits d\u00e9j\u00e0 cueillis?<\/h3>\n<p>Oui. Nous avons toujours des fraises et des bleuets d\u00e9j\u00e0 cueillis. Pour les framboises, il est parfois utile de r\u00e9server, si vous voulez de plus grandes quantit\u00e9s.<\/p>\n<h3>Pouvons-nous faire des pique-niques?<\/h3>\n<p>Nous avons plusieurs tables de pique-nique sur le site, et vous \u00eates les bienvenus de pique-niquer sur place.<\/p>\n<h3>Y-a-t \u2019il des toilettes sur place?<\/h3>\n<p>Nous avons 2 toilettes portables sur le site, incluant des stations de lavage des mains.<\/p>\n<h3>Puis-je amener mon chien \u00e0 la ferme avec moi et ma famille?<\/h3>\n<p>Non. Comme nous suivons un plan de salubrit\u00e9 des aliments \u00e0 la ferme, les animaux ne sont pas accept\u00e9s sur le terrain.<\/p>\n<h3>Acceptez-vous les cartes de cr\u00e9dit ou de d\u00e9bit?<\/h3>\n<p>Oui, nous acceptons paiements comptants, d\u00e9bit et cr\u00e9dit, Visa et Mastercard.<\/p>\n<h3>Offrez-vous des visites scolaires?<\/h3>\n<p>Oui, nous avons des visites scolaires \u00e0 partir de la mi-septembre pour la visite des champs de citrouille.<\/p>\n<h3>Avez-vous des tours de tracteur?<\/h3>\n<p>Oui, pour la cueillette des fraises ainsi que la cueillette des citrouilles. Nous vous amenons au champ avec une confortable voiture tir\u00e9e par un tracteur.<\/p>\n<h3>Est-ce que vos champs sont arros\u00e9s?<\/h3>\n<p>A la ferme Les Petits Fruits de Pr\u00e9-d\u2019en-Haut, nous sommes pr\u00e9occup\u00e9s par l\u2019environnement. Nous avons un plan de ferme environnemental en place. Nous pulv\u00e9risons seulement quand c\u2019est absolument n\u00e9cessaire. Environ 40% des produits pulv\u00e9ris\u00e9s sont certifi\u00e9s pour utilisation biologiques. Nous prenons des mesures pour prot\u00e9ger les populations d\u2019abeilles et d\u2019oiseaux, en pulv\u00e9risant tr\u00e8s t\u00f4t le matin et seulement lorsque c\u2019est vraiment n\u00e9cessaire. Nous faisons de la lutte int\u00e9gr\u00e9e ce qui nous aide \u00e0 r\u00e9duire les quantit\u00e9s de pesticides utilis\u00e9s, tout en s\u2019assurant de produire des fruits et l\u00e9gumes de qualit\u00e9.<\/p>\n<\/div><\/section><\/div>\n","protected":false},"excerpt":{"rendered":"","protected":false},"author":1,"featured_media":0,"parent":4010,"menu_order":0,"comment_status":"closed","ping_status":"closed","template":"","meta":{"footnotes":""},"class_list":["post-6065","page","type-page","status-publish","hentry"],"_links":{"self":[{"href":"https:\/\/lespetitsfruits.ca\/fr\/wp-json\/wp\/v2\/pages\/6065","targetHints":{"allow":["GET"]}}],"collection":[{"href":"https:\/\/lespetitsfruits.ca\/fr\/wp-json\/wp\/v2\/pages"}],"about":[{"href":"https:\/\/lespetitsfruits.ca\/fr\/wp-json\/wp\/v2\/types\/page"}],"author":[{"embeddable":true,"href":"https:\/\/lespetitsfruits.ca\/fr\/wp-json\/wp\/v2\/users\/1"}],"replies":[{"embeddable":true,"href":"https:\/\/lespetitsfruits.ca\/fr\/wp-json\/wp\/v2\/comments?post=6065"}],"version-history":[{"count":6,"href":"https:\/\/lespetitsfruits.ca\/fr\/wp-json\/wp\/v2\/pages\/6065\/revisions"}],"predecessor-version":[{"id":6429,"href":"https:\/\/lespetitsfruits.ca\/fr\/wp-json\/wp\/v2\/pages\/6065\/revisions\/6429"}],"up":[{"embeddable":true,"href":"https:\/\/lespetitsfruits.ca\/fr\/wp-json\/wp\/v2\/pages\/4010"}],"wp:attachment":[{"href":"https:\/\/lespetitsfruits.ca\/fr\/wp-json\/wp\/v2\/media?parent=6065"}],"curies":[{"name":"wp","href":"https:\/\/api.w.org\/{rel}","templated":true}]}}